{"id":745,"date":"2021-04-21T14:35:59","date_gmt":"2021-04-21T11:35:59","guid":{"rendered":"https:\/\/vilcova.nsp25.md\/?page_id=745"},"modified":"2021-11-30T18:48:33","modified_gmt":"2021-11-30T16:48:33","slug":"stoimost-dostavki","status":"publish","type":"page","link":"https:\/\/vilcova.nsp25.md\/ro\/stoimost-dostavki","title":{"rendered":"Costuri de expediere"},"content":{"rendered":"<div class=\"wp-block-columns is-layout-flex wp-container-core-columns-is-layout-9d6595d7 wp-block-columns-is-layout-flex\">\n<div class=\"wp-block-column is-vertically-aligned-center is-layout-flow wp-block-column-is-layout-flow\" style=\"flex-basis:66.66%\">\n<p>Livrarea \u00een Chi\u0219in\u0103u este gratuit\u0103.<br>Livrare \u00een suburbiile Chi\u0219in\u0103ului. Dac\u0103 suma comenzii este mai mic\u0103 de 2000 lei, costul livr\u0103rii va fi de 40 lei. Dac\u0103 suma este mai mare, livrarea este gratuit\u0103.<\/p>\n\n\n\n<p>Livrarea se face prin curier.<\/p>\n<\/div>\n\n\n\n<div class=\"wp-block-column is-vertically-aligned-center is-layout-flow wp-block-column-is-layout-flow\" style=\"flex-basis:33.33%\">\n<div class=\"wp-block-image\"><figure class=\"aligncenter size-large\"><img decoding=\"async\" width=\"300\" height=\"249\" src=\"https:\/\/vilcova.nsp25.md\/wp-content\/uploads\/2021\/04\/dostavka.png\" alt=\"\" class=\"wp-image-746\"><\/figure><\/div>\n<\/div>\n<\/div>","protected":false},"excerpt":{"rendered":"<p>\u0414\u043e\u0441\u0442\u0430\u0432\u043a\u0430 \u043f\u043e \u041a\u0438\u0448\u0438\u043d\u0435\u0432\u0443 \u0431\u0435\u0441\u043f\u043b\u0430\u0442\u043d\u0430\u044f.\u0414\u043e\u0441\u0442\u0430\u0432\u043a\u0430 \u0432 \u043f\u0440\u0438\u0433\u043e\u0440\u043e\u0434 \u041a\u0438\u0448\u0438\u043d\u0435\u0432\u0430. \u0415\u0441\u043b\u0438 \u0441\u0443\u043c\u043c\u0430 \u0437\u0430\u043a\u0430\u0437\u0430 \u0431\u0443\u0434\u0435\u0442 \u043c\u0435\u043d\u0435\u0435 2000 \u043b\u0435\u0439, \u0441\u0442\u043e\u0438\u043c\u043e\u0441\u0442\u044c \u0434\u043e\u0441\u0442\u0430\u0432\u043a\u0438 \u0441\u043e\u0441\u0442\u0430\u0432\u0438\u0442 40 \u043b\u0435\u0439. \u0415\u0441\u043b\u0438 \u0441\u0443\u043c\u043c\u0430 \u0431\u043e\u043b\u044c\u0448\u0435, \u0434\u043e\u0441\u0442\u0430\u0432\u043a\u0430 \u0431\u0435\u0441\u043f\u043b\u0430\u0442\u043d\u043e. \u0414\u043e\u0441\u0442\u0430\u0432\u043a\u0430 \u043e\u0441\u0443\u0449\u0435\u0441\u0442\u0432\u043b\u044f\u0435\u0442\u0441\u044f \u043a\u0443\u0440\u044c\u0435\u0440\u043e\u043c.<\/p>","protected":false},"author":3,"featured_media":746,"parent":0,"menu_order":0,"comment_status":"closed","ping_status":"closed","template":"","meta":{"footnotes":""},"class_list":["post-745","page","type-page","status-publish","has-post-thumbnail","hentry"],"_links":{"self":[{"href":"https:\/\/vilcova.nsp25.md\/ro\/wp-json\/wp\/v2\/pages\/745","targetHints":{"allow":["GET"]}}],"collection":[{"href":"https:\/\/vilcova.nsp25.md\/ro\/wp-json\/wp\/v2\/pages"}],"about":[{"href":"https:\/\/vilcova.nsp25.md\/ro\/wp-json\/wp\/v2\/types\/page"}],"author":[{"embeddable":true,"href":"https:\/\/vilcova.nsp25.md\/ro\/wp-json\/wp\/v2\/users\/3"}],"replies":[{"embeddable":true,"href":"https:\/\/vilcova.nsp25.md\/ro\/wp-json\/wp\/v2\/comments?post=745"}],"version-history":[{"count":5,"href":"https:\/\/vilcova.nsp25.md\/ro\/wp-json\/wp\/v2\/pages\/745\/revisions"}],"predecessor-version":[{"id":31663,"href":"https:\/\/vilcova.nsp25.md\/ro\/wp-json\/wp\/v2\/pages\/745\/revisions\/31663"}],"wp:featuredmedia":[{"embeddable":true,"href":"https:\/\/vilcova.nsp25.md\/ro\/wp-json\/wp\/v2\/media\/746"}],"wp:attachment":[{"href":"https:\/\/vilcova.nsp25.md\/ro\/wp-json\/wp\/v2\/media?parent=745"}],"curies":[{"name":"wp","href":"https:\/\/api.w.org\/{rel}","templated":true}]}}