{"id":794,"date":"2021-04-22T13:29:28","date_gmt":"2021-04-22T10:29:28","guid":{"rendered":"https:\/\/vilcova.nsp25.md\/?page_id=794"},"modified":"2021-04-29T11:27:16","modified_gmt":"2021-04-29T08:27:16","slug":"o-sostave-kapsul-bad-nsp","status":"publish","type":"page","link":"https:\/\/vilcova.nsp25.md\/ro\/o-sostave-kapsul-bad-nsp","title":{"rendered":"Despre compozi\u021bia capsulelor de supliment alimentar NSP"},"content":{"rendered":"<div style=\"height:30px\" aria-hidden=\"true\" class=\"wp-block-spacer\"><\/div>\n\n\n\n<div class=\"wp-block-columns is-layout-flex wp-container-core-columns-is-layout-9d6595d7 wp-block-columns-is-layout-flex\">\n<div class=\"wp-block-column is-layout-flow wp-block-column-is-layout-flow\" style=\"flex-basis:66.66%\">\n<h4 class=\"has-text-align-center wp-block-heading\">Dragi parteneri<\/h4>\n\n\n\n<p class=\"has-text-align-center\">Ca r\u0103spuns la numeroasele dvs. \u00eentreb\u0103ri privind compozi\u021bia capsulelor de gelatin\u0103 utilizate pentru suplimentele NSP, v\u0103 inform\u0103m urm\u0103toarele:<\/p>\n\n\n\n<p class=\"has-text-align-center\">gelatina utilizat\u0103 respect\u0103 cerin\u021bele de calitate ale National Formulary (supliment la Farmacopeea SUA). Procesul de fabrica\u021bie a capsulelor este controlat \u00een conformitate cu standardele cGMP.<\/p>\n\n\n\n<p class=\"has-text-align-center\">Acestea sunt fabricate din gelatin\u0103 kosher 100% derivat\u0103 de la animale rumeg\u0103toare. Sunt utilizate animale cu v\u00e2rsta de p\u00e2n\u0103 la 30 de luni. Gelatina este ob\u021binut\u0103 din piei de rumeg\u0103toare din Africa de Sud, Coreea \u0219i SUA.<\/p>\n<\/div>\n\n\n\n<div class=\"wp-block-column is-vertically-aligned-center is-layout-flow wp-block-column-is-layout-flow\" style=\"flex-basis:33.33%\">\n<div class=\"wp-block-image\"><figure class=\"aligncenter size-large\"><img decoding=\"async\" width=\"409\" height=\"215\" src=\"https:\/\/vilcova.nsp25.md\/wp-content\/uploads\/2021\/04\/brest-kompleks-nsp-kapsuly.jpg\" alt=\"\" class=\"wp-image-795\"><\/figure><\/div>\n<\/div>\n<\/div>\n\n\n\n<div style=\"height:30px\" aria-hidden=\"true\" class=\"wp-block-spacer\"><\/div>","protected":false},"excerpt":{"rendered":"<p>\u0423\u0432\u0430\u0436\u0430\u0435\u043c\u044b\u0435 \u043f\u0430\u0440\u0442\u043d\u0435\u0440\u044b \u041d\u0430 \u0432\u0430\u0448\u0438 \u043c\u043d\u043e\u0433\u043e\u0447\u0438\u0441\u043b\u0435\u043d\u043d\u044b\u0435 \u0432\u043e\u043f\u0440\u043e\u0441\u044b \u043a\u0430\u0441\u0430\u0442\u0435\u043b\u044c\u043d\u043e \u0441\u043e\u0441\u0442\u0430\u0432\u0430 \u0436\u0435\u043b\u0430\u0442\u0438\u043d\u043e\u0432\u044b\u0445 \u043a\u0430\u043f\u0441\u0443\u043b, \u043a\u043e\u0442\u043e\u0440\u044b\u0435 \u0438\u0441\u043f\u043e\u043b\u044c\u0437\u0443\u044e\u0442\u0441\u044f \u0434\u043b\u044f \u0411\u0410\u0414 \u041d\u0421\u041f, \u0441\u043e\u043e\u0431\u0449\u0430\u0435\u043c \u0441\u043b\u0435\u0434\u0443\u044e\u0449\u0435\u0435: \u0438\u0441\u043f\u043e\u043b\u044c\u0437\u0443\u0435\u043c\u044b\u0439 \u0436\u0435\u043b\u0430\u0442\u0438\u043d \u0441\u043e\u043e\u0442\u0432\u0435\u0442\u0441\u0442\u0432\u0443\u0435\u0442 \u0442\u0440\u0435\u0431\u043e\u0432\u0430\u043d\u0438\u044f\u043c \u043f\u043e \u043a\u0430\u0447\u0435\u0441\u0442\u0432\u0443 \u041d\u0430\u0446\u0438\u043e\u043d\u0430\u043b\u044c\u043d\u043e\u0433\u043e \u0424\u043e\u0440\u043c\u0443\u043b\u044f\u0440\u0430 (\u0434\u043e\u0431\u0430\u0432\u043b\u0435\u043d\u0438\u0435 \u043a \u0424\u0430\u0440\u043c\u0430\u043a\u043e\u043f\u0435\u0435 \u0421\u0428\u0410). \u041f\u0440\u043e\u0446\u0435\u0441\u0441 \u043f\u0440\u043e\u0438\u0437\u0432\u043e\u0434\u0441\u0442\u0432\u0430 \u043a\u0430\u043f\u0441\u0443\u043b \u043a\u043e\u043d\u0442\u0440\u043e\u043b\u0438\u0440\u0443\u0435\u0442\u0441\u044f \u043f\u043e \u0441\u0442\u0430\u043d\u0434\u0430\u0440\u0442\u0430\u043c CGMP. \u041e\u043d\u0438 \u043f\u0440\u043e\u0438\u0437\u0432\u043e\u0434\u044f\u0442\u0441\u044f \u0438\u0437 100% \u043a\u043e\u0448\u0435\u0440\u043d\u043e\u0433\u043e \u0436\u0435\u043b\u0430\u0442\u0438\u043d\u0430, \u043f\u043e\u043b\u0443\u0447\u0435\u043d\u043d\u043e\u0433\u043e \u0438\u0437 \u0436\u0432\u0430\u0447\u043d\u044b\u0445 \u0436\u0438\u0432\u043e\u0442\u043d\u044b\u0445. \u0418\u0441\u043f\u043e\u043b\u044c\u0437\u0443\u044e\u0442\u0441\u044f \u0436\u0438\u0432\u043e\u0442\u043d\u044b\u0435 \u0432 \u0432\u043e\u0437\u0440\u0430\u0441\u0442\u0435 \u0434\u043e 30 \u043c\u0435\u0441\u044f\u0446\u0435\u0432. \u0416\u0435\u043b\u0430\u0442\u0438\u043d \u043f\u043e\u043b\u0443\u0447\u0430\u044e\u0442&#8230;<\/p>","protected":false},"author":3,"featured_media":0,"parent":0,"menu_order":0,"comment_status":"closed","ping_status":"closed","template":"","meta":{"footnotes":""},"class_list":["post-794","page","type-page","status-publish","hentry"],"_links":{"self":[{"href":"https:\/\/vilcova.nsp25.md\/ro\/wp-json\/wp\/v2\/pages\/794","targetHints":{"allow":["GET"]}}],"collection":[{"href":"https:\/\/vilcova.nsp25.md\/ro\/wp-json\/wp\/v2\/pages"}],"about":[{"href":"https:\/\/vilcova.nsp25.md\/ro\/wp-json\/wp\/v2\/types\/page"}],"author":[{"embeddable":true,"href":"https:\/\/vilcova.nsp25.md\/ro\/wp-json\/wp\/v2\/users\/3"}],"replies":[{"embeddable":true,"href":"https:\/\/vilcova.nsp25.md\/ro\/wp-json\/wp\/v2\/comments?post=794"}],"version-history":[{"count":2,"href":"https:\/\/vilcova.nsp25.md\/ro\/wp-json\/wp\/v2\/pages\/794\/revisions"}],"predecessor-version":[{"id":21612,"href":"https:\/\/vilcova.nsp25.md\/ro\/wp-json\/wp\/v2\/pages\/794\/revisions\/21612"}],"wp:attachment":[{"href":"https:\/\/vilcova.nsp25.md\/ro\/wp-json\/wp\/v2\/media?parent=794"}],"curies":[{"name":"wp","href":"https:\/\/api.w.org\/{rel}","templated":true}]}}