{"id":801,"date":"2021-04-22T13:48:42","date_gmt":"2021-04-22T10:48:42","guid":{"rendered":"https:\/\/vilcova.nsp25.md\/?page_id=801"},"modified":"2021-04-29T11:24:40","modified_gmt":"2021-04-29T08:24:40","slug":"sertifikaty-kachestva","status":"publish","type":"page","link":"https:\/\/vilcova.nsp25.md\/ro\/sertifikaty-kachestva","title":{"rendered":"Calitatea produsului"},"content":{"rendered":"<div style=\"height:30px\" aria-hidden=\"true\" class=\"wp-block-spacer\"><\/div>\n\n\n\n<p>Toat\u0103 lumea ar dori s\u0103 arate \u0219i s\u0103 se simt\u0103 c\u00e2t mai bine posibil. Din cele mai vechi timpuri, oamenii au studiat puterea vindec\u0103toare a diferitelor plante \u0219i au p\u0103strat re\u021betele lor \u00een cel mai strict secret. Chimia \u0219i medicina au dezv\u0103luit multe secrete, iar acum omenirea are acces la preparate medicale \u0219i cosmetice de origine natural\u0103. Multe companii din diferite \u021b\u0103ri ale lumii produc astfel de preparate. Nature's Sunshine Products (NSP), pe de o parte, este una dintre acestea, iar pe de alt\u0103 parte - un produc\u0103tor unic.<\/p>\n\n\n\n<div class=\"wp-block-columns is-layout-flex wp-container-core-columns-is-layout-9d6595d7 wp-block-columns-is-layout-flex\">\n<div class=\"wp-block-column is-layout-flow wp-block-column-is-layout-flow\" style=\"flex-basis:66.66%\">\n<p>NSP este o companie de renume mondial care produce \u0219i vinde o mare varietate de produse naturale \u0219i cosmetice naturale \u00een \u00eentreaga lume. Conceptul NSP este c\u0103 produsele alimentare naturale sunt esen\u021biale pentru s\u0103n\u0103tate. NSP a fost \u00eentotdeauna \u0219i este \u00een continuare angajat \u00een crearea celor mai eficiente preparate pe baz\u0103 de plante medicinale. NSP utilizeaz\u0103 materii prime din \u00eentreaga lume, select\u00e2nd cele mai bune materii prime din fiecare recolt\u0103, deoarece efectueaz\u0103 controlul de intrare al materiilor prime \u0219i dispune de echipamente de \u00eenalt\u0103 precizie pentru a controla materiile prime \u00een func\u021bie de compozi\u021bia substan\u021belor active \u0219i gradul de contaminare. Pe m\u0103sur\u0103 ce compania a crescut, gama sa de produse s-a extins \u0219i include acum vitamine, minerale, formule chineze\u0219ti, remedii homeopate \u0219i alte remedii.<br>Sarcina principal\u0103 a companiei este de a produce suplimente alimentare biologic active (BSA) de \u00eenalt\u0103 calitate, esen\u021biale pentru s\u0103n\u0103tate. NSP acord\u0103 prioritate calit\u0103\u021bii produselor sale \u0219i nivelului modern de control al produselor.<\/p>\n<\/div>\n\n\n\n<div class=\"wp-block-column is-vertically-aligned-center is-layout-flow wp-block-column-is-layout-flow\" style=\"flex-basis:33.33%\">\n<div class=\"wp-block-image\"><figure class=\"aligncenter size-large\"><img decoding=\"async\" width=\"500\" height=\"321\" src=\"https:\/\/vilcova.nsp25.md\/wp-content\/uploads\/2021\/04\/28891407.jpg\" alt=\"\" class=\"wp-image-802\" srcset=\"https:\/\/vilcova.nsp25.md\/wp-content\/uploads\/2021\/04\/28891407.jpg 500w, https:\/\/vilcova.nsp25.md\/wp-content\/uploads\/2021\/04\/28891407-480x308.jpg 480w\" sizes=\"(max-width: 500px) 100vw, 500px\" \/><\/figure><\/div>\n<\/div>\n<\/div>\n\n\n\n<p>Pentru NSP, calitatea nu este doar un cuv\u00e2nt la mod\u0103, ci este un obiectiv-cheie, pentru \u00eendeplinirea c\u0103ruia se cheltuiesc anual fonduri considerabile pe echipamente moderne pentru controlul calit\u0103\u021bii materiilor prime \u0219i a produselor finite. NSP a fost una dintre primele companii produc\u0103toare care a utilizat analiza chimic\u0103 a componentelor pentru a determina con\u021binutul de ingrediente active din materiile prime.<br>Sarcina principal\u0103 a companiei este de a produce suplimente alimentare biologic active (BSA) de \u00eenalt\u0103 calitate, esen\u021biale pentru s\u0103n\u0103tate. NSP acord\u0103 prioritate calit\u0103\u021bii produselor sale \u0219i nivelului modern de control al produselor.<\/p>\n\n\n\n<div style=\"height:30px\" aria-hidden=\"true\" class=\"wp-block-spacer\"><\/div>\n\n\n\n<h4 class=\"has-text-align-center wp-block-heading\">Printre metodele de cercetare utilizate \u00een cadrul studiului se num\u0103r\u0103:<\/h4>\n\n\n\n<div class=\"wp-block-columns is-layout-flex wp-container-core-columns-is-layout-9d6595d7 wp-block-columns-is-layout-flex\">\n<div class=\"wp-block-column is-layout-flow wp-block-column-is-layout-flow\">\n<ul class=\"wp-block-list\"><li>Test bacteriologic*<\/li><li>Cromatografie de gaze \/ spectrometrie de mas\u0103*<\/li><li>Spectroscopie \u00een infraro\u0219u<\/li><li>Cromatografie lichid\u0103 de \u00eenalt\u0103 rezolu\u021bie<\/li><li>Examinare microscopic\u0103<\/li><li>Examen bacteriologic general*<\/li><li>Identificare organoleptic\u0103<\/li><li>Cromatografie \u00een strat sub\u021bire<\/li><\/ul>\n<\/div>\n\n\n\n<div class=\"wp-block-column is-layout-flow wp-block-column-is-layout-flow\">\n<ul class=\"wp-block-list\"><li>Determinarea valorii pH-ului<\/li><li>Determinarea dimensiunii particulelor<\/li><li>Determinarea coeficientului de v\u00e2scozitate<\/li><li>Determinarea con\u021binutului de ulei esen\u021bial<\/li><li>Spectrometrie cu plasm\u0103<\/li><li>Test de dezintegrare \/ solubilitate a comprimatelor<\/li><li>Test de solubilitate acid\u0103<\/li><li>Testarea ingredientelor active<\/li><\/ul>\n<\/div>\n\n\n\n<div class=\"wp-block-column is-layout-flow wp-block-column-is-layout-flow\">\n<ul class=\"wp-block-list\"><li>Testul reziduurilor de cenu\u0219\u0103<\/li><li>Test metale grele<\/li><li>Test E coli<\/li><li>Testul con\u021binutului de umiditate<\/li><li>Test de impurit\u0103\u021bi organice\/inorganice<\/li><li>Test pentru mucegai \u0219i drojdie<\/li><li>Test Salmonella<\/li><\/ul>\n<\/div>\n<\/div>\n\n\n\n<div style=\"height:30px\" aria-hidden=\"true\" class=\"wp-block-spacer\"><\/div>\n\n\n\n<h4 class=\"has-text-align-center wp-block-heading\">Toate plantele medicinale sunt testate \u00een laboratoarele companiei.<\/h4>\n\n\n\n<p>Un test ini\u021bial este utilizat pentru a determina identitatea plantei. Analiza include teste organoleptice sau senzorii sunt utiliza\u021bi pentru a testa gustul, mirosul, culoarea \u0219i aspectul. Examinarea microscopic\u0103 este efectuat\u0103 pentru a determina care parte a plantei a fost utilizat\u0103. Cromatografia pe strat sub\u021bire este o modalitate fiabil\u0103 de a identifica plantele medicinale \u0219i componentele acestora. Spectrometria \u00een infraro\u0219u cu transformat\u0103 Fourier (FTIR) este, de asemenea, utilizat\u0103 pentru identificarea plantelor medicinale.<\/p>\n\n\n\n<p>TISF poate fi utilizat pentru a realiza o \"amprent\u0103\" a oric\u0103rei plante medicinale \u0219i pentru a o compara cu standardele general acceptate. Cromatografia lichid\u0103 de mare vitez\u0103 (HSLC) este o metod\u0103 computerizat\u0103 extrem de sensibil\u0103 pentru determinarea substan\u021belor active din plante.<\/p>\n\n\n\n<div class=\"wp-block-columns is-layout-flex wp-container-core-columns-is-layout-9d6595d7 wp-block-columns-is-layout-flex\">\n<div class=\"wp-block-column is-layout-flow wp-block-column-is-layout-flow\" style=\"flex-basis:66.66%\">\n<p>Cu ajutorul HPLC, laboratorul de control al calit\u0103\u021bii poate determina cu exactitate raportul ingredientelor active. Plantele medicinale sunt, de asemenea, testate \u00een ceea ce prive\u0219te con\u021binutul de murd\u0103rie sau cenu\u0219\u0103. Cenu\u0219a este materia anorganic\u0103 r\u0103mas\u0103 dup\u0103 ce o mostr\u0103 de plant\u0103 medicinal\u0103 este ars\u0103 \u00eentr-un cuptor special timp de o or\u0103 la o anumit\u0103 temperatur\u0103. Murd\u0103ria este o problem\u0103 frecvent\u0103, \u00een special atunci c\u00e2nd sunt colectate r\u0103d\u0103cinile plantelor. \u00cen cazul \u00een care colectorii nu cur\u0103\u021b\u0103 bine r\u0103d\u0103cinile \u00eenainte de m\u0103cinare, pulberea de plante va con\u021bine murd\u0103rie.<\/p>\n\n\n\n<p>Un contor gamma special este utilizat pentru a verifica dac\u0103 planta prezint\u0103 radia\u021bii. De asemenea, instala\u021biile sunt testate pentru particule, pentru a se asigura c\u0103 masa pulverulent\u0103 destinat\u0103 \u00eencapsul\u0103rii sau comprim\u0103rii \u00eendepline\u0219te \u00een mod clar standardele stabilite. NSP testeaz\u0103 toate materiile prime primite nu numai pentru impurit\u0103\u021bi nedorite, contaminan\u021bi \u0219i metale grele, ci le examineaz\u0103 \u0219i p\u00e2n\u0103 la cea de-a miliarda particul\u0103, similar cu ADN-ul unei plante, pentru a se asigura c\u0103 este vorba de planta potrivit\u0103, de partea potrivit\u0103 a plantei, c\u0103 a fost cultivat\u0103 \u00eentr-o regiune ecologic\u0103 \u0219i c\u0103 a fost recoltat\u0103 la momentul potrivit. Astfel, ne asigur\u0103m c\u0103 produsele noastre \u00ee\u0219i maximizeaz\u0103 poten\u021bialul. De-a lungul anilor, NSP a cheltuit milioane de dolari pentru achizi\u021bionarea de echipamente \u0219i alte cheltuieli ale departamentului de asigurare a calit\u0103\u021bii. De exemplu, compania a achizi\u021bionat un analizor de plasm\u0103 cuplat cu un spectrometru de mas\u0103, care a crescut capacitatea de a detecta metalele grele (arsenic, cadmiu, plumb etc.) \u00een materiile prime. Acest dispozitiv este at\u00e2t de sensibil \u00eenc\u00e2t detecteaz\u0103 substan\u021bele din materia prim\u0103 \u00een propor\u021bie de unu la trilion. Bine\u00een\u021beles, departamentul de asigurare a calit\u0103\u021bii poate garanta un grad \u0219i mai ridicat de puritate a produselor.<\/p>\n<\/div>\n\n\n\n<div class=\"wp-block-column is-vertically-aligned-center is-layout-flow wp-block-column-is-layout-flow\" style=\"flex-basis:33.33%\">\n<div class=\"wp-block-image\"><figure class=\"aligncenter size-large\"><img decoding=\"async\" width=\"600\" height=\"654\" src=\"https:\/\/vilcova.nsp25.md\/wp-content\/uploads\/2021\/04\/gmo-apple-2f4vre9.jpg\" alt=\"\" class=\"wp-image-803\" srcset=\"https:\/\/vilcova.nsp25.md\/wp-content\/uploads\/2021\/04\/gmo-apple-2f4vre9.jpg 600w, https:\/\/vilcova.nsp25.md\/wp-content\/uploads\/2021\/04\/gmo-apple-2f4vre9-480x523.jpg 480w\" sizes=\"(max-width: 600px) 100vw, 600px\" \/><\/figure><\/div>\n<\/div>\n<\/div>\n\n\n\n<p>\u00cenc\u0103 de la \u00eenfiin\u021bare, NSP a fost un lider \u00een dezvoltarea de suplimente alimentare. Compania este m\u00e2ndr\u0103 de Centrul s\u0103u \u0219tiin\u021bific intern pentru dezvoltarea \u0219i testarea produselor noi, care este reprezentat de peste o duzin\u0103 de oameni de \u0219tiin\u021b\u0103, inclusiv 4 doctori care sunt autorit\u0103\u021bi recunoscute la nivel interna\u021bional \u00een domeniile biochimiei, tehnologiei farmaceutice \u0219i nutri\u021biei dietetice. Centrul lucreaz\u0103 \u00een str\u00e2ns\u0103 colaborare cu universit\u0103\u021bi \u0219i alte centre de cercetare. Eforturile direc\u021bionate ale speciali\u0219tilor de un asemenea nivel permit crearea unei game de preparate care este de neegalat prin diversitatea sa. Majoritatea amestecurilor sunt inventate \u0219i dezvoltate \u00een laboratoarele companiei. Compozi\u021bia re\u021betei lor este proprietatea sa \u0219i este \u021binut\u0103 secret\u0103. Acestea sunt etichetate ca \"amestecuri brevetate\" pe etichete \u0219i \u00een manual. Distribuitorii \u0219i clien\u021bii pot fi siguri c\u0103 astfel de formule nu pot fi produse de alte companii.<\/p>\n\n\n\n<p>Calitatea de care NSP este at\u00e2t de m\u00e2ndru \u00eencepe cu cercetarea \u0219i dezvoltarea. Personalul \u0219tiin\u021bific \u00eenalt calificat \u00eenso\u021be\u0219te dezvoltarea unui produs nou de la idee la produc\u021bie. Ei verific\u0103 calitatea materiilor prime necesare, care sunt achizi\u021bionate de departamentul de materii prime \u0219i lucreaz\u0103 \u00eempreun\u0103 cu personalul de marketing pentru a dezvolta formula produsului. De asemenea, dezvolt\u0103 metode de testare pentru produsul finit, pe care departamentul de asigurare a calit\u0103\u021bii le utilizeaz\u0103 apoi pentru a testa conformitatea produsului cu cerin\u021bele de eficien\u021b\u0103, puritate \u0219i siguran\u021b\u0103. Atunci c\u00e2nd se creeaz\u0103 un produs nou sau c\u00e2nd un produs existent este \u00eembun\u0103t\u0103\u021bit cu ingrediente noi, devine necesar\u0103 efectuarea de teste \u0219i analize preliminare ale produsului \u00een curs de dezvoltare sau ale noilor ingrediente. Grupul de elaborare a metodelor preg\u0103te\u0219te noi metode de analiz\u0103 a ingredientelor active ale noilor materii prime (sau ale noilor componente ale unui produs existent). Personalul acestui grup este format din chimi\u0219ti anali\u0219ti cu \u00eenalt\u0103 calificare, dintre care un num\u0103r de\u021bin diplome de doctorat. Spre deosebire de mul\u021bi concuren\u021bi, NSP dispune de propria sa linie de \u00eembuteliere a lichidelor, astfel \u00eenc\u00e2t \u00eentregul proces s\u0103 se desf\u0103\u0219oare sub controlul nostru strict al calit\u0103\u021bii.<\/p>\n\n\n\n<p>\u00cen calitate de produc\u0103tor de produse naturale, NSP simte responsabilitatea de a proteja resursele naturale pentru genera\u021biile viitoare. De exemplu, \u00een septembrie anul trecut, Linda Hammons, vicepre\u0219edinte pentru calitate, a fost prezent\u0103 personal \u00een Canada atunci c\u00e2nd algele au fost recoltate. Doar partea superioar\u0103 a algelor brune poate fi t\u0103iat\u0103 cu o unealt\u0103 special\u0103. Dac\u0103 r\u0103d\u0103cina este goal\u0103, alga nu va supravie\u021bui. Dac\u0103 se utilizeaz\u0103 tehnica de mai sus, algele vor re\u00eenmuguri \u00een c\u00e2\u021biva ani \u0219i pot fi recoltate din nou.<\/p>\n\n\n\n<div class=\"wp-block-columns is-layout-flex wp-container-core-columns-is-layout-9d6595d7 wp-block-columns-is-layout-flex\">\n<div class=\"wp-block-column is-layout-flow wp-block-column-is-layout-flow\" style=\"flex-basis:66.66%\">\n<p>Biologii no\u0219tri viziteaz\u0103 toate locurile de recoltare ale furnizorilor no\u0219tri, \u00eenregistr\u00e2nd unde \u0219i c\u00e2t de mult a fost recoltat pentru a da timp naturii s\u0103 se refac\u0103 \u00eenainte ca urm\u0103toarea recolt\u0103 s\u0103 poat\u0103 fi recoltat\u0103 \u00een locul respectiv.<\/p>\n\n\n\n<p>Societatea respect\u0103 cu stricte\u021be normele \u0219i reglement\u0103rile de fabrica\u021bie \u0219i de laborator impuse de guvern, care sunt monitorizate de Food and Drug Administration (FDA). Aceste reglement\u0103ri stabilesc standarde de calitate pentru fabricarea \u0219i testarea diferitelor produse. \u00cen Statele Unite, produc\u0103torii sunt obliga\u021bi s\u0103 adere la standardele elaborate pentru categoria lor de produse, de exemplu - produse farmaceutice, cosmetice, produse alimentare etc. Produsele NSP sunt pe deplin conforme cu acestea.<\/p>\n\n\n\n<p>Mai multe organiza\u021bii independente verific\u0103 periodic calitatea \u0219i puritatea produselor NSP. Printre acestea se num\u0103r\u0103 Australian Medicines Administration (TGA), o divizie a Ministerului australian al S\u0103n\u0103t\u0103\u021bii \u0219i Familiei. TGA inspecteaz\u0103 periodic produsele NSP pentru a se asigura c\u0103 acestea sunt \u00een deplin\u0103 conformitate cu reglement\u0103rile farmaceutice.<\/p>\n\n\n\n<p>NSP are o reputa\u021bie excelent\u0103 \u0219i un \"palmares\" excelent. Comunitatea European\u0103 are \u00eencredere \u00een concluziile TGA. Aceasta \u00eenseamn\u0103 c\u0103 \u021b\u0103rile europene au nevoie doar de o evaluare pozitiv\u0103 din partea TGA pentru a autoriza v\u00e2nzarea produselor companiei pe teritoriul lor. NSP \u00ee\u0219i vinde produsele \u00een Canada, unde fiecare lot este testat pentru calitate, puritate \u0219i coeren\u021ba compozi\u021biei cu eticheta. \u00cen conformitate cu reglement\u0103rile guvernului canadian, suplimentele trebuie s\u0103 \u00eendeplineasc\u0103 cerin\u021be foarte stricte pentru produsele farmaceutice; \u00een caz contrar, produsele nu vor fi v\u00e2ndute. Pentru a \u00eenregistra \u0219i vinde produsele NSP \u00een \u021b\u0103ri precum Norvegia, Japonia, Coreea \u0219i altele, este necesar\u0103 testarea complet\u0103 a produselor de c\u0103tre organiza\u021bii desemnate de guvernele \u021b\u0103rilor respective.<\/p>\n<\/div>\n\n\n\n<div class=\"wp-block-column is-vertically-aligned-center is-layout-flow wp-block-column-is-layout-flow\" style=\"flex-basis:33.33%\">\n<div class=\"wp-block-image\"><figure class=\"aligncenter size-large is-resized\"><img decoding=\"async\" src=\"https:\/\/vilcova.nsp25.md\/wp-content\/uploads\/2021\/04\/plant-in-soil-p5ku5sx.jpg\" alt=\"\" class=\"wp-image-804\" width=\"270\" height=\"356\" srcset=\"https:\/\/vilcova.nsp25.md\/wp-content\/uploads\/2021\/04\/plant-in-soil-p5ku5sx.jpg 602w, https:\/\/vilcova.nsp25.md\/wp-content\/uploads\/2021\/04\/plant-in-soil-p5ku5sx-480x635.jpg 480w\" sizes=\"(max-width: 270px) 100vw, 270px\" \/><\/figure><\/div>\n<\/div>\n<\/div>\n\n\n\n<p>\u00cencep\u00e2nd cu 01.11.97, \u00een conformitate cu decizia medicului sanitar \u0219ef de stat al Federa\u021biei Ruse din 15.09.97 \u00b9 21 \"privind \u00eenregistrarea de stat a aditivilor biologic activi pentru alimente\", pe teritoriul Federa\u021biei Ruse a fost introdus procesul de \u00eenregistrare a tuturor suplimentelor dietetice importate \u0219i na\u021bionale. Dup\u0103 parcurgerea procedurii de \u00eenregistrare, se elibereaz\u0103 un certificat de \u00eenregistrare semnat de medicul sanitar \u0219ef de stat al Federa\u021biei Ruse, iar suplimentul este \u00eenscris \u00een registrul de stat al suplimentelor alimentare. P\u00e2n\u0103 \u00een prezent, procesul de \u00eenregistrare a suplimentelor alimentare este lung \u0219i intensiv \u00een munc\u0103, incluz\u00e2nd: preg\u0103tirea documenta\u021biei \u0219i a probelor necesare, colaborarea constant\u0103 cu exper\u021bi \u0219i laboratoare, rezolvarea problemelor ap\u0103rute \u00een procesul de cercetare etc. Departamentul Ministerului S\u0103n\u0103t\u0103\u021bii, Centrul Federal pentru Supravegherea Sanitar\u0103 \u0219i Epidemiologic\u0103 de Stat \u0219i Institutul de Nutri\u021bie al Academiei Ruse de \u0218tiin\u021be Medicale supravegheaz\u0103 acest proces. Cu toate acestea, dup\u0103 trecerea procesului de \u00eenregistrare de stat, pute\u021bi vorbi cu \u00eencredere despre calitatea \u0219i siguran\u021ba ridicat\u0103 a produselor.<\/p>\n\n\n\n<p>\u00cen Rusia, o serie de studii clinice ale suplimentelor alimentare NSP au fost efectuate pe baza Clinicii de nutri\u021bie terapeutic\u0103 a Institutului de Nutri\u021bie al Academiei Ruse de \u0218tiin\u021be Medicale \u0219i a altor institute de cercetare.<\/p>\n\n\n\n<div style=\"height:30px\" aria-hidden=\"true\" class=\"wp-block-spacer\"><\/div>\n\n\n\n<h4 class=\"has-text-align-center wp-block-heading\">Date interesante despre companie<\/h4>\n\n\n\n<ul class=\"wp-block-list\"><li>Sunt utilizate aproximativ 1300 de formule diferite, peste 400 de ierburi \u0219i materii prime.<\/li><li>Compania are peste 1.000 de angaja\u021bi.<\/li><li>Materiile prime, produsele \u00een produc\u021bie \u0219i dezvoltare, produsele finite sunt supuse la aproximativ 600 de teste de calitate<\/li><li>\u00cen 2002, compania a fost recunoscut\u0103 drept cel mai bun produc\u0103tor al anului.<\/li><li>NSP se m\u00e2ndre\u0219te cu profesioni\u0219tii s\u0103i cu experien\u021b\u0103. \u00cemp\u0103rt\u0103\u0219ind valorile NSP, mai mult de o treime dintre angaja\u021bi lucreaz\u0103 \u00een cadrul companiei de 10 ani sau mai mult.<\/li><li>Timp de mul\u021bi ani, compania a primit premiul America's Healthiest Company<\/li><li>Toate cutiile \u0219i sticlele noastre de plastic sunt reciclabile.<\/li><li>Cutiile noastre pentru 30-40% sunt fabricate din material reciclabil. Recicl\u0103m aproximativ 200 de tone de h\u00e2rtie \u00een fiecare an.<\/li><li>Pentru a economisi resursele naturale, fabrica utilizeaz\u0103 iluminat cu senzori de economisire a energiei \u0219i lucarne pentru lumin\u0103 natural\u0103 \u00een timpul zilei. Izolarea eficient\u0103, membranele speciale instalate pe acoperi\u0219ul cl\u0103dirii \u0219i senzorii temporari pentru oprirea automat\u0103 a \u00eenc\u0103lzirii sau a r\u0103cirii camerelor care nu sunt utilizate controleaz\u0103 consumul de \u00eenc\u0103lzire\/r\u0103cire.<\/li><li>Fabrica a instalat un sistem eficient de alimentare cu ap\u0103 pentru sta\u021biile de sp\u0103lare.<\/li><li>Folosim pale\u021bi de lemn reutilizabili.<\/li><li>Utiliz\u0103m numai ulei reciclabil pentru angrenaje \u0219i ulei hidraulic.<\/li><li>NSP este partener \u00een programul de reciclare a h\u00e2rtiei de birou.<\/li><li>\u00cen fiecare an, compania conserv\u0103 aproximativ 244 de copaci.<\/li><li>\u00cen prezent, NSP \u00ee\u0219i vinde produsele \u00een 59 de \u021b\u0103ri din \u00eentreaga lume. Niciun alt produc\u0103tor de suplimente alimentare nu a ob\u021binut astfel de rezultate.<\/li><\/ul>\n\n\n\n<div style=\"height:30px\" aria-hidden=\"true\" class=\"wp-block-spacer\"><\/div>","protected":false},"excerpt":{"rendered":"<p>\u041a\u0430\u0436\u0434\u044b\u0439 \u0447\u0435\u043b\u043e\u0432\u0435\u043a \u0445\u043e\u0442\u0435\u043b \u0431\u044b \u0432\u044b\u0433\u043b\u044f\u0434\u0435\u0442\u044c \u0438 \u0447\u0443\u0432\u0441\u0442\u0432\u043e\u0432\u0430\u0442\u044c \u0441\u0435\u0431\u044f \u043a\u0430\u043a \u043c\u043e\u0436\u043d\u043e \u043b\u0443\u0447\u0448\u0435. \u0421 \u0434\u0440\u0435\u0432\u043d\u0438\u0445 \u0432\u0440\u0435\u043c\u0435\u043d \u043b\u044e\u0434\u0438 \u0438\u0437\u0443\u0447\u0430\u043b\u0438 \u0446\u0435\u043b\u0435\u0431\u043d\u0443\u044e \u0441\u0438\u043b\u0443 \u0441\u0430\u043c\u044b\u0445 \u0440\u0430\u0437\u043d\u044b\u0445 \u0440\u0430\u0441\u0442\u0435\u043d\u0438\u0439 \u0438 \u0445\u0440\u0430\u043d\u0438\u043b\u0438 \u0441\u0432\u043e\u0438 \u0440\u0435\u0446\u0435\u043f\u0442\u044b \u0432 \u0441\u0442\u0440\u043e\u0436\u0430\u0439\u0448\u0435\u043c \u0441\u0435\u043a\u0440\u0435\u0442\u0435. \u0425\u0438\u043c\u0438\u044f \u0438 \u043c\u0435\u0434\u0438\u0446\u0438\u043d\u0430 \u0440\u0430\u0441\u043a\u0440\u044b\u043b\u0438 \u043c\u043d\u043e\u0433\u043e \u0442\u0430\u0439\u043d, \u0438 \u0442\u0435\u043f\u0435\u0440\u044c \u0447\u0435\u043b\u043e\u0432\u0435\u0447\u0435\u0441\u0442\u0432\u0443 \u0434\u043e\u0441\u0442\u0443\u043f\u043d\u044b \u043c\u0435\u0434\u0438\u0446\u0438\u043d\u0441\u043a\u0438\u0435 \u0438 \u043a\u043e\u0441\u043c\u0435\u0442\u0438\u0447\u0435\u0441\u043a\u0438\u0435 \u043f\u0440\u0435\u043f\u0430\u0440\u0430\u0442\u044b \u043d\u0430\u0442\u0443\u0440\u0430\u043b\u044c\u043d\u043e\u0433\u043e \u043f\u0440\u043e\u0438\u0441\u0445\u043e\u0436\u0434\u0435\u043d\u0438\u044f. \u041c\u043d\u043e\u0433\u0438\u0435 \u043a\u043e\u043c\u043f\u0430\u043d\u0438\u0438 \u0432 \u0440\u0430\u0437\u043b\u0438\u0447\u043d\u044b\u0445 \u0441\u0442\u0440\u0430\u043d\u0430\u0445 \u043c\u0438\u0440\u0430 \u043f\u0440\u043e\u0438\u0437\u0432\u043e\u0434\u044f\u0442 \u0442\u0430\u043a\u0438\u0435 \u043f\u0440\u0435\u043f\u0430\u0440\u0430\u0442\u044b. Nature\u2019s Sunshine&#8230;<\/p>","protected":false},"author":3,"featured_media":0,"parent":0,"menu_order":0,"comment_status":"closed","ping_status":"closed","template":"","meta":{"footnotes":""},"class_list":["post-801","page","type-page","status-publish","hentry"],"_links":{"self":[{"href":"https:\/\/vilcova.nsp25.md\/ro\/wp-json\/wp\/v2\/pages\/801","targetHints":{"allow":["GET"]}}],"collection":[{"href":"https:\/\/vilcova.nsp25.md\/ro\/wp-json\/wp\/v2\/pages"}],"about":[{"href":"https:\/\/vilcova.nsp25.md\/ro\/wp-json\/wp\/v2\/types\/page"}],"author":[{"embeddable":true,"href":"https:\/\/vilcova.nsp25.md\/ro\/wp-json\/wp\/v2\/users\/3"}],"replies":[{"embeddable":true,"href":"https:\/\/vilcova.nsp25.md\/ro\/wp-json\/wp\/v2\/comments?post=801"}],"version-history":[{"count":2,"href":"https:\/\/vilcova.nsp25.md\/ro\/wp-json\/wp\/v2\/pages\/801\/revisions"}],"predecessor-version":[{"id":21608,"href":"https:\/\/vilcova.nsp25.md\/ro\/wp-json\/wp\/v2\/pages\/801\/revisions\/21608"}],"wp:attachment":[{"href":"https:\/\/vilcova.nsp25.md\/ro\/wp-json\/wp\/v2\/media?parent=801"}],"curies":[{"name":"wp","href":"https:\/\/api.w.org\/{rel}","templated":true}]}}