{"id":824,"date":"2021-04-22T14:12:46","date_gmt":"2021-04-22T11:12:46","guid":{"rendered":"https:\/\/vilcova.nsp25.md\/?page_id=824"},"modified":"2021-04-29T11:26:38","modified_gmt":"2021-04-29T08:26:38","slug":"o-vneshnem-vide-kapsul-bad-lecitin","status":"publish","type":"page","link":"https:\/\/vilcova.nsp25.md\/ro\/o-vneshnem-vide-kapsul-bad-lecitin","title":{"rendered":"Despre aspectul capsulelor de suplimente alimentare cu lecitin\u0103"},"content":{"rendered":"<div style=\"height:30px\" aria-hidden=\"true\" class=\"wp-block-spacer\"><\/div>\n\n\n\n<div class=\"wp-block-columns is-layout-flex wp-container-core-columns-is-layout-9d6595d7 wp-block-columns-is-layout-flex\">\n<div class=\"wp-block-column is-layout-flow wp-block-column-is-layout-flow\" style=\"flex-basis:66.66%\">\n<p>Stima\u021bi parteneri ai companiei, conform informa\u021biilor de la Departamentul de control al calit\u0103\u021bii, aspectul capsulelor de lecitin\u0103 NSP poate varia de la un lot la altul. V\u0103 rug\u0103m s\u0103 citi\u021bi scrisoarea oficial\u0103 a vicepre\u0219edintelui companiei, dna Linda Hammons.<\/p>\n\n\n\n<p><strong><a href=\"\/wp-content\/uploads\/2021\/04\/eng.pdf\" data-type=\"URL\" data-id=\"\/wp-content\/uploads\/2021\/04\/eng.pdf\">Despre aspectul capsulelor de lecitin\u0103 (originale)<\/a><\/strong><\/p>\n\n\n\n<p><strong><a href=\"\/wp-content\/uploads\/2021\/04\/ru.pdf\" data-type=\"URL\" data-id=\"\/wp-content\/uploads\/2021\/04\/ru.pdf\">Cu privire la apari\u021bia caspulelor de lecitin\u0103 (traducere \u00een limba rus\u0103)<\/a><\/strong><\/p>\n<\/div>\n\n\n\n<div class=\"wp-block-column is-vertically-aligned-center is-layout-flow wp-block-column-is-layout-flow\" style=\"flex-basis:33.33%\">\n<div class=\"wp-block-image\"><figure class=\"aligncenter size-large\"><img decoding=\"async\" width=\"218\" height=\"200\" src=\"https:\/\/vilcova.nsp25.md\/wp-content\/uploads\/2021\/04\/1458660090_w640_h640_letsitin-nsp-dlya.jpg\" alt=\"\" class=\"wp-image-825\"><\/figure><\/div>\n<\/div>\n<\/div>\n\n\n\n<div style=\"height:30px\" aria-hidden=\"true\" class=\"wp-block-spacer\"><\/div>","protected":false},"excerpt":{"rendered":"<p>\u0423\u0432\u0430\u0436\u0430\u0435\u043c\u044b\u0435 \u043f\u0430\u0440\u0442\u043d\u0435\u0440\u044b \u043a\u043e\u043c\u043f\u0430\u043d\u0438\u0438, \u0441\u043e\u0433\u043b\u0430\u0441\u043d\u043e \u0438\u043d\u0444\u043e\u0440\u043c\u0430\u0446\u0438\u0438 \u043e\u0442 \u0434\u0435\u043f\u0430\u0440\u0442\u0430\u043c\u0435\u043d\u0442\u0430 \u043a\u043e\u043d\u0442\u0440\u043e\u043b\u044f \u043a\u0430\u0447\u0435\u0441\u0442\u0432\u0430 \u0432\u043d\u0435\u0448\u043d\u0438\u0439 \u0432\u0438\u0434 \u043a\u0430\u043f\u0441\u0443\u043b \u0411\u0410\u0414 \u00ab\u041b\u0435\u0446\u0438\u0442\u0438\u043d \u041d\u0421\u041f\u00bb \u043c\u043e\u0436\u0435\u0442 \u043e\u0442\u043b\u0438\u0447\u0430\u0442\u044c\u0441\u044f \u043e\u0442 \u043f\u0430\u0440\u0442\u0438\u0438 \u043a \u043f\u0430\u0440\u0442\u0438\u0438. \u041f\u043e\u0436\u0430\u043b\u0443\u0439\u0441\u0442\u0430, \u043e\u0437\u043d\u0430\u043a\u043e\u043c\u044c\u0442\u0435\u0441\u044c \u0441 \u043e\u0444\u0438\u0446\u0438\u0430\u043b\u044c\u043d\u044b\u043c \u043f\u0438\u0441\u044c\u043c\u043e\u043c \u0432\u0438\u0446\u0435-\u043f\u0440\u0435\u0437\u0438\u0434\u0435\u043d\u0442\u0430 \u043a\u043e\u043c\u043f\u0430\u043d\u0438\u0438 \u0433-\u0436\u0438 \u041b\u0438\u043d\u0434\u044b \u0425\u044d\u043c\u043c\u043e\u043d\u0437. \u041e \u0432\u043d\u0435\u0448\u043d\u0435\u043c \u0432\u0438\u0434\u0435 \u043a\u0430\u043f\u0441\u0443\u043b \u00ab\u041b\u0435\u0446\u0438\u0442\u0438\u043d\u0430\u00bb (\u043e\u0440\u0438\u0433\u0438\u043d\u0430\u043b) \u041e \u0432\u043d\u0435\u0448\u043d\u0435\u043c \u0432\u0438\u0434\u0435 \u043a\u0430\u0441\u043f\u0443\u043b \u00ab\u041b\u0435\u0446\u0438\u0442\u0438\u043d\u0430\u00bb (\u043f\u0435\u0440\u0435\u0432\u043e\u0434 \u043d\u0430 \u0440\u0443\u0441\u0441\u043a\u0438\u0439 \u044f\u0437\u044b\u043a)<\/p>","protected":false},"author":3,"featured_media":0,"parent":0,"menu_order":0,"comment_status":"closed","ping_status":"closed","template":"","meta":{"footnotes":""},"class_list":["post-824","page","type-page","status-publish","hentry"],"_links":{"self":[{"href":"https:\/\/vilcova.nsp25.md\/ro\/wp-json\/wp\/v2\/pages\/824","targetHints":{"allow":["GET"]}}],"collection":[{"href":"https:\/\/vilcova.nsp25.md\/ro\/wp-json\/wp\/v2\/pages"}],"about":[{"href":"https:\/\/vilcova.nsp25.md\/ro\/wp-json\/wp\/v2\/types\/page"}],"author":[{"embeddable":true,"href":"https:\/\/vilcova.nsp25.md\/ro\/wp-json\/wp\/v2\/users\/3"}],"replies":[{"embeddable":true,"href":"https:\/\/vilcova.nsp25.md\/ro\/wp-json\/wp\/v2\/comments?post=824"}],"version-history":[{"count":2,"href":"https:\/\/vilcova.nsp25.md\/ro\/wp-json\/wp\/v2\/pages\/824\/revisions"}],"predecessor-version":[{"id":21610,"href":"https:\/\/vilcova.nsp25.md\/ro\/wp-json\/wp\/v2\/pages\/824\/revisions\/21610"}],"wp:attachment":[{"href":"https:\/\/vilcova.nsp25.md\/ro\/wp-json\/wp\/v2\/media?parent=824"}],"curies":[{"name":"wp","href":"https:\/\/api.w.org\/{rel}","templated":true}]}}