{"id":834,"date":"2021-04-22T14:18:00","date_gmt":"2021-04-22T11:18:00","guid":{"rendered":"https:\/\/vilcova.nsp25.md\/?page_id=834"},"modified":"2021-04-29T11:29:22","modified_gmt":"2021-04-29T08:29:22","slug":"ob-izmenenijah-zapaha-i-vkusa-hlorofilla","status":"publish","type":"page","link":"https:\/\/vilcova.nsp25.md\/ro\/ob-izmenenijah-zapaha-i-vkusa-hlorofilla","title":{"rendered":"Modific\u0103ri ale mirosului \u0219i gustului de Chlorophylla"},"content":{"rendered":"<div style=\"height:30px\" aria-hidden=\"true\" class=\"wp-block-spacer\"><\/div>\n\n\n\n<div class=\"wp-block-columns is-layout-flex wp-container-core-columns-is-layout-9d6595d7 wp-block-columns-is-layout-flex\">\n<div class=\"wp-block-column is-layout-flow wp-block-column-is-layout-flow\" style=\"flex-basis:66.66%\">\n<p><strong>Dragi parteneri PNS!<\/strong><\/p>\n\n\n\n<p>Ca urmare a \u00eentreb\u0103rilor ap\u0103rute cu privire la modificarea gustului \u0219i mirosului clorofilei, am trimis o solicitare Departamentului de control al calit\u0103\u021bii din America. Linda Hammons, vicepre\u0219edinte al companiei \u0219i \u0219ef de departament, a furnizat un r\u0103spuns oficial. Public\u0103m aici, \u00een fi\u0219iere separate, originalul \u0219i traducerea.<\/p>\n\n\n\n<p><strong><a href=\"\/wp-content\/uploads\/2021\/04\/chrol-eng.jpg\" data-type=\"URL\" data-id=\"\/wp-content\/uploads\/2021\/04\/chrol-eng.jpg\">R\u0103spuns oficial de la Linda Hammons, vicepre\u0219edinte al NSP, \"Despre modific\u0103rile mirosului \u0219i gustului clorofilei\" (original)<\/a><\/strong><\/p>\n\n\n\n<p><strong><a href=\"\/wp-content\/uploads\/2021\/04\/chrol-ru.jpg\" data-type=\"URL\" data-id=\"\/wp-content\/uploads\/2021\/04\/chrol-ru.jpg\">R\u0103spuns oficial din partea vicepre\u0219edintelui NSP Linda Hammons privind mirosul de clorofil\u0103 \u0219i modific\u0103rile de gust (traducere \u00een limba rus\u0103)<\/a><\/strong><\/p>\n\n\n\n<p>\u00cen plus, reprezentan\u021ba a efectuat teste suplimentare ale e\u0219antioanelor din acest produs din loturile \u00een care au fost detectate modific\u0103rile \u00eentr-un laborator de stat independent acreditat. Rezultatele testelor de laborator au fost normale. O copie a raportului de testare este publicat\u0103 mai jos.<\/p>\n\n\n\n<p><strong><a href=\"\/wp-content\/uploads\/2021\/04\/protokol-ispytanij-bad-hlorofill-zhidkij.pdf\" data-type=\"URL\" data-id=\"\/wp-content\/uploads\/2021\/04\/protokol-ispytanij-bad-hlorofill-zhidkij.pdf\">Protocolul de testare a suplimentului alimentar \"clorofil\u0103 lichid\u0103\"<\/a><\/strong><\/p>\n<\/div>\n\n\n\n<div class=\"wp-block-column is-vertically-aligned-center is-layout-flow wp-block-column-is-layout-flow\" style=\"flex-basis:33.33%\">\n<div class=\"wp-block-image\"><figure class=\"aligncenter size-large is-resized\"><img decoding=\"async\" src=\"https:\/\/vilcova.nsp25.md\/wp-content\/uploads\/2021\/04\/1580_4.jpg\" alt=\"\" class=\"wp-image-835\" width=\"436\" height=\"436\" srcset=\"https:\/\/vilcova.nsp25.md\/wp-content\/uploads\/2021\/04\/1580_4.jpg 436w, https:\/\/vilcova.nsp25.md\/wp-content\/uploads\/2021\/04\/1580_4-150x150.jpg 150w\" sizes=\"(max-width: 436px) 100vw, 436px\" \/><\/figure><\/div>\n<\/div>\n<\/div>","protected":false},"excerpt":{"rendered":"<p>\u0423\u0432\u0430\u0436\u0430\u0435\u043c\u044b\u0435 \u043f\u0430\u0440\u0442\u043d\u0435\u0440\u044b \u043a\u043e\u043c\u043f\u0430\u043d\u0438\u0438 NSP! \u0412 c\u0432\u044f\u0437\u0438 \u0441 \u0432\u043e\u043f\u0440\u043e\u0441\u0430\u043c\u0438, \u0432\u043e\u0437\u043d\u0438\u043a\u0430\u044e\u0449\u0438\u043c\u0438 \u043f\u043e \u043f\u043e\u0432\u043e\u0434\u0443 \u0438\u0437\u043c\u0435\u043d\u0438\u0432\u0448\u0435\u0433\u043e\u0441\u044f \u0432\u043a\u0443\u0441\u0430 \u0438 \u0437\u0430\u043f\u0430\u0445\u0430 \u0425\u043b\u043e\u0440\u043e\u0444\u0438\u043b\u043b\u0430, \u043c\u044b \u043d\u0430\u043f\u0440\u0430\u0432\u0438\u043b\u0438 \u0437\u0430\u043f\u0440\u043e\u0441 \u0432 \u0434\u0435\u043f\u0430\u0440\u0442\u0430\u043c\u0435\u043d\u0442 \u043a\u043e\u043d\u0442\u0440\u043e\u043b\u044f \u043a\u0430\u0447\u0435\u0441\u0442\u0432\u0430 \u0432 \u0410\u043c\u0435\u0440\u0438\u043a\u0443. \u0412\u0438\u0446\u0435-\u043f\u0440\u0435\u0437\u0438\u0434\u0435\u043d\u0442 \u043a\u043e\u043c\u043f\u0430\u043d\u0438\u0438, \u0440\u0443\u043a\u043e\u0432\u043e\u0434\u0438\u0442\u0435\u043b\u044c \u0434\u0435\u043f\u0430\u0440\u0442\u0430\u043c\u0435\u043d\u0442\u0430 \u041b\u0438\u043d\u0434\u0430 \u0425\u044d\u043c\u043c\u043e\u043d\u0437 \u0434\u0430\u043b\u0430 \u043e\u0444\u0438\u0446\u0438\u0430\u043b\u044c\u043d\u044b\u0439 \u043e\u0442\u0432\u0435\u0442. \u041c\u044b \u043f\u0443\u0431\u043b\u0438\u043a\u0443\u0435\u043c \u0437\u0434\u0435\u0441\u044c \u0432 \u043e\u0442\u0434\u0435\u043b\u044c\u043d\u044b\u0445 \u0444\u0430\u0439\u043b\u0430\u0445 \u043e\u0440\u0438\u0433\u0438\u043d\u0430\u043b \u0438 \u043f\u0435\u0440\u0435\u0432\u043e\u0434. \u041e\u0444\u0438\u0446\u0438\u0430\u043b\u044c\u043d\u044b\u0439 \u043e\u0442\u0432\u0435\u0442 \u0432\u0438\u0446\u0435-\u043f\u0440\u0435\u0437\u0438\u0434\u0435\u043d\u0442\u0430 \u043a\u043e\u043c\u043f\u0430\u043d\u0438\u0438 NSP \u041b\u0438\u043d\u0434\u044b \u0425\u044d\u043c\u043c\u043e\u043d\u0437 \u201c\u041e\u0431 \u0438\u0437\u043c\u0435\u043d\u0435\u043d\u0438\u044f\u0445 \u0437\u0430\u043f\u0430\u0445\u0430 \u0438 \u0432\u043a\u0443\u0441\u0430&#8230;<\/p>","protected":false},"author":3,"featured_media":0,"parent":0,"menu_order":0,"comment_status":"closed","ping_status":"closed","template":"","meta":{"footnotes":""},"class_list":["post-834","page","type-page","status-publish","hentry"],"_links":{"self":[{"href":"https:\/\/vilcova.nsp25.md\/ro\/wp-json\/wp\/v2\/pages\/834","targetHints":{"allow":["GET"]}}],"collection":[{"href":"https:\/\/vilcova.nsp25.md\/ro\/wp-json\/wp\/v2\/pages"}],"about":[{"href":"https:\/\/vilcova.nsp25.md\/ro\/wp-json\/wp\/v2\/types\/page"}],"author":[{"embeddable":true,"href":"https:\/\/vilcova.nsp25.md\/ro\/wp-json\/wp\/v2\/users\/3"}],"replies":[{"embeddable":true,"href":"https:\/\/vilcova.nsp25.md\/ro\/wp-json\/wp\/v2\/comments?post=834"}],"version-history":[{"count":2,"href":"https:\/\/vilcova.nsp25.md\/ro\/wp-json\/wp\/v2\/pages\/834\/revisions"}],"predecessor-version":[{"id":21613,"href":"https:\/\/vilcova.nsp25.md\/ro\/wp-json\/wp\/v2\/pages\/834\/revisions\/21613"}],"wp:attachment":[{"href":"https:\/\/vilcova.nsp25.md\/ro\/wp-json\/wp\/v2\/media?parent=834"}],"curies":[{"name":"wp","href":"https:\/\/api.w.org\/{rel}","templated":true}]}}