{"id":840,"date":"2021-04-22T14:27:33","date_gmt":"2021-04-22T11:27:33","guid":{"rendered":"https:\/\/vilcova.nsp25.md\/?page_id=840"},"modified":"2021-04-29T11:24:59","modified_gmt":"2021-04-29T08:24:59","slug":"klinicheskie-ispytanija","status":"publish","type":"page","link":"https:\/\/vilcova.nsp25.md\/ro\/klinicheskie-ispytanija","title":{"rendered":"Studii clinice"},"content":{"rendered":"<div style=\"height:30px\" aria-hidden=\"true\" class=\"wp-block-spacer\"><\/div>\n\n\n\n<p>Nature's Sunshine Products este o companie de renume mondial care produce \u0219i vinde produse organice de origine natural\u0103 \u0219i cosmetice terapeutice naturale \u00een \u00eentreaga lume. Compania a reu\u0219it s\u0103 ob\u021bin\u0103 un succes extraordinar datorit\u0103 faptului c\u0103 gama sa de produse include preparate moderne, extrem de eficiente, \u00een produc\u021bia c\u0103rora sunt utilizate cuno\u0219tin\u021be \u0219tiin\u021bifice avansate \u0219i tehnologii moderne.<\/p>\n\n\n\n<div class=\"wp-block-columns is-layout-flex wp-container-core-columns-is-layout-9d6595d7 wp-block-columns-is-layout-flex\">\n<div class=\"wp-block-column is-layout-flow wp-block-column-is-layout-flow\" style=\"flex-basis:66.66%\">\n<p>Compania \u00ee\u0219i extinde constant gama de produse, produc\u00e2nd at\u00e2t fitopreparate mono- c\u00e2t \u0219i complexe, vitamine, minerale, aminoacizi, enzime, pro- \u0219i eubiotice, remedii homeopate, cosmetice medicale, produse de \u00eengrijire personal\u0103. Sarcina principal\u0103 a companiei este de a crea cele mai eficiente tipuri de preparate pe baza componentelor naturale ale plantelor. \u00cen produc\u021bie folosim surse ecologice curate de materii prime din \u00eentreaga lume. Datorit\u0103 utiliz\u0103rii de echipamente moderne pentru controlul calit\u0103\u021bii fiec\u0103rei etape de produc\u021bie permite realizarea de produse de cea mai \u00eenalt\u0103 calitate.<\/p>\n\n\n\n<p>Pentru NSP, calitatea nu este un cuv\u00e2nt la mod\u0103. Pentru NSP, calitatea nu este un cuv\u00e2nt la mod\u0103. Calitatea este un obiectiv de baz\u0103 care necesit\u0103 o sum\u0103 uria\u0219\u0103 de bani \u00een fiecare an. Mai mult de 150 de tipuri de teste de laborator sunt utilizate pentru a confirma calitatea produsului final. Metodele de cromatografie \u00een strat sub\u021bire \u0219i spectrometrie \u00een infraro\u0219u cu transformare sunt utilizate pentru a evalua con\u021binutul de ingrediente active din produse. \u00cen plus, condi\u021biile de produc\u021bie ale companiei sunt conforme cu cerin\u021bele bunelor practici de fabrica\u021bie, fapt confirmat de certificatul GMP.<\/p>\n<\/div>\n\n\n\n<div class=\"wp-block-column is-vertically-aligned-center is-layout-flow wp-block-column-is-layout-flow\" style=\"flex-basis:33.33%\">\n<div class=\"wp-block-image\"><figure class=\"aligncenter size-large is-resized\"><img decoding=\"async\" src=\"https:\/\/vilcova.nsp25.md\/wp-content\/uploads\/2021\/04\/pv4wjnv.jpg\" alt=\"\" class=\"wp-image-841\" width=\"600\" height=\"482\" srcset=\"https:\/\/vilcova.nsp25.md\/wp-content\/uploads\/2021\/04\/pv4wjnv.jpg 600w, https:\/\/vilcova.nsp25.md\/wp-content\/uploads\/2021\/04\/pv4wjnv-480x386.jpg 480w\" sizes=\"(max-width: 600px) 100vw, 600px\" \/><\/figure><\/div>\n<\/div>\n<\/div>\n\n\n\n<h4 class=\"has-text-align-center wp-block-heading\">De ce avem nevoie de studii clinice?<\/h4>\n\n\n\n<p>Compania NSP are \u00een permanen\u021b\u0103 grij\u0103 de consumatorii s\u0103i prin efectuarea de teste clinice regulate ale produselor sale. Studiile clinice ale suplimentelor alimentare ne permit s\u0103 prescriem aceste produse cu \u0219i mai mult\u0103 \u00eencredere \u0219i s\u0103 ne a\u0219tept\u0103m la rezultate pozitive. Utilizarea suplimentelor alimentare nu trebuie considerat\u0103 niciodat\u0103 ca un substitut al terapiei farmacologice tradi\u021bionale; dimpotriv\u0103, suplimentele alimentare nu sunt adversari, ci alia\u021bi ai medicamentelor tradi\u021bionale: suplimentele alimentare nu \u00eenlocuiesc medicamentele, ci completeaz\u0103 \u0219i sporesc efectul acestora.<\/p>\n\n\n\n<p>NSP se num\u0103r\u0103 printre pu\u021binele companii care nu numai c\u0103 dezvolt\u0103, produc \u0219i v\u00e2nd suplimente alimentare, dar se intereseaz\u0103 \u0219i de rezultatele utiliz\u0103rii lor.<\/p>\n\n\n\n<p>Toate studiile clinice ale produselor sunt scrupulos documentate. P\u00e2n\u0103 \u00een prezent, a fost posibil nu numai s\u0103 se sistematizeze rezultatele studiilor efectuate \u00een str\u0103in\u0103tate, ci \u0219i s\u0103 se efectueze o serie de studii privind produsele \u00een clinicile din Federa\u021bia Rus\u0103.<\/p>\n\n\n\n<p><strong>Studii clinice NSP<\/strong><\/p>\n\n\n\n<p>P\u00e2n\u0103 \u00een prezent, compania a finan\u021bat urm\u0103toarele studii ale medicamentelor sale:<\/p>\n\n\n\n<ul class=\"wp-block-list\"><li>Studiul eficacit\u0103\u021bii clinice a suplimentelor alimentare&nbsp;<strong>\"Grabbers gr\u0103sime.\"<\/strong>Sunshine Scandibavia AS, T\u00f8nsberg, Norvegia;<\/li><li>studii privind eficacitatea clinic\u0103 a suplimentelor alimentare&nbsp;<strong>\"Loclo.\"<\/strong>,&nbsp;<strong>\"Turtledove.\"<\/strong>&nbsp;\u0438&nbsp;<strong>\"Echinacea NSP\".<\/strong>MSHSU, Departamentul de Farmacologie Clinic\u0103, Moscova;<\/li><li>Studiul eficacit\u0103\u021bii clinice a suplimentelor alimentare&nbsp;<strong>\"Confort Stomac.\"<\/strong>&nbsp;\u00een terapia gastropatiei, MSHSU, Departamentul de Farmacologie Clinic\u0103, Moscova;<\/li><li>studii privind eficacitatea clinic\u0103 a suplimentelor alimentare&nbsp;<strong>\"Po D'Arco NSP\".<\/strong>, Academia kazah\u0103 de nutri\u021bie;<\/li><li>validarea clinic\u0103 a suplimentelor alimentare&nbsp;<strong>\"Glucosamin\u0103 NSP\".<\/strong>, Academia kazah\u0103 de nutri\u021bie;<\/li><li>studii clinice ale suplimentelor alimentare&nbsp;<strong>\"Protease Plus\".<\/strong>&nbsp;\u0438&nbsp;<strong>\"Zinc lozenges.\"<\/strong>, Centrul de Sexopatologie al ora\u0219ului Moscova;<\/li><li>studii privind utilizarea suplimentelor alimentare&nbsp;<strong>\"Formula de protec\u021bie\".<\/strong>&nbsp;\u00een boala cardiac\u0103 ischemic\u0103, Academia Medical\u0103 Sechenov din Moscova, Moscova;<\/li><li>studii clinice ale suplimentelor alimentare&nbsp;<strong>\"Liv Garde.\"<\/strong>, Spitalul clinic central din Zhukovsky, regiunea Moscova;<\/li><li>studii clinice ale suplimentelor alimentare&nbsp;<strong>\"Enzime digestive\".<\/strong>&nbsp;\u00een gastrita cronic\u0103, MSHSU, Departamentul de Farmacologie Clinic\u0103, Moscova;<\/li><li>cercetarea suplimentelor alimentare&nbsp;<strong>\"Garcinia complex.\"<\/strong>&nbsp;\u0438&nbsp;<strong>\"Chelat de crom\".<\/strong>&nbsp;\u00een tratamentul diabetului zaharat, MSHSU, Departamentul de Farmacologie Clinic\u0103, Moscova;<\/li><li>cercetarea suplimentelor alimentare&nbsp;<strong>\"Osteo Plus\".<\/strong>&nbsp;\u0438&nbsp;<strong>\"Wild Yam NSP\".<\/strong>&nbsp;\u00een tratamentul osteoporozei, MSHSU, Departamentul de Farmacologie Clinic\u0103, Moscova;<\/li><li>studii clinice ale suplimentelor alimentare&nbsp;<strong>\"Chelat de calciu \u0219i magneziu\"<\/strong>&nbsp;\u0438&nbsp;<strong>\"Bon-Ci.\"<\/strong>&nbsp;\u00een tratamentul osteoporozei, MSHSU, Departamentul de Farmacologie Clinic\u0103, Moscova;<\/li><li>studii clinice ale suplimentelor alimentare&nbsp;<strong>\"Carbo Grabbers\".<\/strong>&nbsp;\u00een tratamentul obezit\u0103\u021bii pe fondul diabetului zaharat, MSHSU, Departamentul de Farmacologie Clinic\u0103, Moscova.<\/li><\/ul>\n\n\n\n<h4 class=\"has-text-align-center wp-block-heading\">Literatur\u0103<\/h4>\n\n\n\n<p>NSP public\u0103 \u00een mod regulat colec\u021bii de articole privind studiile clinice \u0219tiin\u021bifice. P\u00e2n\u0103 \u00een prezent, au fost publicate cinci c\u0103r\u021bi pe aceast\u0103 tem\u0103.<\/p>\n\n\n\n<p><strong>Eficacitatea suplimentelor biologic active NSP<\/strong><\/p>\n\n\n\n<p>Prima colec\u021bie mult a\u0219teptat\u0103 de articole dedicate rezultatelor cercet\u0103rii suplimentelor alimentare NSP \u00een Rusia \u0219i \u00een str\u0103in\u0103tate. Cartea con\u021bine lucr\u0103rile oamenilor de \u0219tiin\u021b\u0103 din Norvegia, Kazahstan \u0219i Rusia, au fost studiate preparate precum \"Fat Grabbers\", \"Loclo\", \"Repeinik\", \"Echinacea NSP\", \"Stomac Comfort\", \"Po D'Arco NSP\", \"Glucosamine NSP\", \"Liv Gard\". O completare pl\u0103cut\u0103 a p\u0103r\u021bii principale va servi ca anex\u0103 - lucr\u0103ri \u0219tiin\u021bifice ale exper\u021bilor \u0219tiin\u021bifici de la biroul american al companiei. Cartea descrie \u00een detaliu cursul cercet\u0103rii, rezultatele ob\u021binute, concluziile sistematizate f\u0103cute de oamenii de \u0219tiin\u021b\u0103. Colec\u021bia pretinde, f\u0103r\u0103 \u00eendoial\u0103, s\u0103 fie o \"carte de birou\" a unui medic-nutri\u021bionist. \u00cen plus, articolele vor fi de interes pentru o gam\u0103 larg\u0103 de cititori care se preocup\u0103 de s\u0103n\u0103tatea lor \u0219i vor servi f\u0103r\u0103 \u00eendoial\u0103 ca un ajutor \u00een activitatea unui distribuitor.<\/p>\n\n\n\n<div class=\"wp-block-columns is-layout-flex wp-container-core-columns-is-layout-9d6595d7 wp-block-columns-is-layout-flex\">\n<div class=\"wp-block-column is-layout-flow wp-block-column-is-layout-flow\" style=\"flex-basis:66.66%\">\n<p>&nbsp;<strong>Studiile clinice ale suplimentelor alimentare NSP. Cartea 2<\/strong><\/p>\n\n\n\n<p>Cartea descrie studiile clinice ale altor opt suplimente alimentare: Enzime digestive, care au fost utilizate \u00een tratamentul gastropatiilor cronice; Garcinia Complex \u0219i Chromium Chelation care au fost utilizate \u00een tratamentul diabetului zaharat; complexele Osteo Plus \u0219i Wild Yam NSP, precum \u0219i chelatele de calciu \u0219i magneziu \u0219i Bon-Si#, care au fost utilizate \u00een tratamentul osteoporozei; Carbo Grabbers, care a fost utilizat \u00een tratamentul obezit\u0103\u021bii cu diabet zaharat. \u00cen toate studiile efectuate, a fost demonstrat\u0103 eficacitatea clinic\u0103 a acestor medicamente, care au influen\u021bat patogeneza bolii subiacente \u0219i, \u00een unele cazuri, au avut un efect pozitiv asupra altor procese din organism. Colec\u021bia este destinat\u0103 \u00een primul r\u00e2nd medicilor, cu toate acestea, va fi util\u0103 pentru un public larg de cititori care utilizeaz\u0103 suplimente alimentare \u00een prevenirea \u0219i tratamentul bolilor. Datele obiective ale studiilor clinice \u0219i experien\u021ba clinic\u0103 prezentate \u00een carte vor ajuta la utilizarea competent\u0103 \u0219i mai eficient\u0103 a suplimentelor alimentare \u00een scopuri de s\u0103n\u0103tate \u0219i vor garanta promovarea cu succes a produselor NSP.<\/p>\n\n\n\n<p><strong>Experien\u021b\u0103 \u00een utilizarea clinic\u0103 a suplimentelor Nature's Sunshine Products. Num\u0103rul 1<\/strong><\/p>\n\n\n\n<p>Apari\u021bia acestei publica\u021bii a devenit posibil\u0103 datorit\u0103 activit\u0103\u021bii profesionale independente a medicilor de diferite specialit\u0103\u021bi, care au introdus \u00een practica lor zilnic\u0103 principiile medicinei nutri\u021bionale folosind suplimentele alimentare biologic active ale Nature's Sunshine Products. Cartea prezint\u0103, de asemenea, o scurt\u0103 trecere \u00een revist\u0103 a materialelor celui de-al VI-lea Simpozion Interna\u021bional \"Aditivii alimentari biologic activi \u0219i problemele de optimizare a nutri\u021biei popula\u021biei\". Cartea con\u021bine articole valoroase privind utilizarea suplimentelor alimentare \"Polen de albine\", \"Bifidophilus Flora Force\", \"Lecitin\u0103\" etc.<\/p>\n<\/div>\n\n\n\n<div class=\"wp-block-column is-vertically-aligned-center is-layout-flow wp-block-column-is-layout-flow\" style=\"flex-basis:33.33%\">\n<div class=\"wp-block-image\"><figure class=\"aligncenter size-large is-resized\"><img decoding=\"async\" src=\"https:\/\/vilcova.nsp25.md\/wp-content\/uploads\/2021\/04\/three-flasks-with-different-chemical-agents-pcf7t27.jpg\" alt=\"\" class=\"wp-image-843\" width=\"437\" height=\"541\"><\/figure><\/div>\n<\/div>\n<\/div>\n\n\n\n<p><strong>Experien\u021ba utiliz\u0103rii clinice a suplimentelor Nature's Sunshine Products. Num\u0103rul 2<\/strong><\/p>\n\n\n\n<p>Cartea continu\u0103 seria de literatur\u0103 privind utilizarea clinic\u0103 a suplimentelor Nature's Sunshine Products. Aceast\u0103 edi\u021bie con\u021bine articole privind utilizarea practic\u0103 a unor suplimente alimentare precum So Palmetto, CoenzymeQ10 Plus, Po D'Arco NSP, Uro Lax \u0219i altele.<\/p>\n\n\n\n<p><strong>Experien\u021ba utiliz\u0103rii clinice a suplimentelor Nature's Sunshine Products. Num\u0103rul 3<\/strong><\/p>\n\n\n\n<p>Colec\u021bia este menit\u0103 \u00een primul r\u00e2nd s\u0103 atrag\u0103 aten\u021bia acelor medici care \u00eenc\u0103 subestimeaz\u0103 posibilit\u0103\u021bile \u0219tiin\u021bei nutri\u021biei, precum \u0219i pentru nutri\u021bioni\u0219tii experimenta\u021bi. \u00cen plus, articolele interesante privind utilizarea unor preparate precum sucul Noni, Omega-3 PUFA NSP, Coral Calcium, 5-HT POWER, Bras Iz, Kelp etc. vor fi de interes pentru o gam\u0103 larg\u0103 de cititori care obi\u0219nuiesc s\u0103 aib\u0103 grij\u0103 de s\u0103n\u0103tatea lor.<\/p>","protected":false},"excerpt":{"rendered":"<p>Nature\u2019s Sunshine Products \u2013 \u0432\u0441\u0435\u043c\u0438\u0440\u043d\u043e \u0438\u0437\u0432\u0435\u0441\u0442\u043d\u0430\u044f \u043a\u043e\u043c\u043f\u0430\u043d\u0438\u044f, \u043f\u0440\u043e\u0438\u0437\u0432\u043e\u0434\u044f\u0449\u0430\u044f \u0438 \u043f\u0440\u043e\u0434\u0430\u044e\u0449\u0430\u044f \u043f\u043e \u0432\u0441\u0435\u043c\u0443 \u043c\u0438\u0440\u0443 \u044d\u043a\u043e\u043b\u043e\u0433\u0438\u0447\u0435\u0441\u043a\u0438 \u0447\u0438\u0441\u0442\u044b\u0435 \u043f\u0440\u043e\u0434\u0443\u043a\u0442\u044b \u043d\u0430\u0442\u0443\u0440\u0430\u043b\u044c\u043d\u043e\u0433\u043e \u043f\u0440\u043e\u0438\u0441\u0445\u043e\u0436\u0434\u0435\u043d\u0438\u044f \u0438 \u043d\u0430\u0442\u0443\u0440\u0430\u043b\u044c\u043d\u0443\u044e \u043b\u0435\u0447\u0435\u0431\u043d\u0443\u044e \u043a\u043e\u0441\u043c\u0435\u0442\u0438\u043a\u0443. \u0414\u043e\u0431\u0438\u0442\u044c\u0441\u044f \u043a\u043e\u043b\u043e\u0441\u0441\u0430\u043b\u044c\u043d\u043e\u0433\u043e \u0443\u0441\u043f\u0435\u0445\u0430 \u043a\u043e\u043c\u043f\u0430\u043d\u0438\u044f \u0441\u043c\u043e\u0433\u043b\u0430 \u0431\u043b\u0430\u0433\u043e\u0434\u0430\u0440\u044f \u0442\u043e\u043c\u0443, \u0447\u0442\u043e \u0432 \u0441\u0432\u043e\u0435\u043c \u0430\u0441\u0441\u043e\u0440\u0442\u0438\u043c\u0435\u043d\u0442\u0435 \u0438\u043c\u0435\u0435\u0442 \u0441\u043e\u0432\u0440\u0435\u043c\u0435\u043d\u043d\u044b\u0435 \u0432\u044b\u0441\u043e\u043a\u043e\u044d\u0444\u0444\u0435\u043a\u0442\u0438\u0432\u043d\u044b\u0435 \u043f\u0440\u0435\u043f\u0430\u0440\u0430\u0442\u044b, \u0432 \u043f\u0440\u043e\u0438\u0437\u0432\u043e\u0434\u0441\u0442\u0432\u0435 \u043a\u043e\u0442\u043e\u0440\u044b\u0445 \u0438\u0441\u043f\u043e\u043b\u044c\u0437\u0443\u044e\u0442\u0441\u044f \u043f\u0435\u0440\u0435\u0434\u043e\u0432\u044b\u0435 \u043d\u0430\u0443\u0447\u043d\u044b\u0435 \u0437\u043d\u0430\u043d\u0438\u044f \u0438 \u0441\u043e\u0432\u0440\u0435\u043c\u0435\u043d\u043d\u044b\u0435 \u0442\u0435\u0445\u043d\u043e\u043b\u043e\u0433\u0438\u0438. \u041a\u043e\u043c\u043f\u0430\u043d\u0438\u044f \u043f\u043e\u0441\u0442\u043e\u044f\u043d\u043d\u043e \u0440\u0430\u0441\u0448\u0438\u0440\u044f\u0435\u0442 \u0441\u0432\u043e\u0439 \u0430\u0441\u0441\u043e\u0440\u0442\u0438\u043c\u0435\u043d\u0442, \u0432\u044b\u043f\u0443\u0441\u043a\u0430\u044f \u043a\u0430\u043a \u043c\u043e\u043d\u043e-&#8230;<\/p>","protected":false},"author":3,"featured_media":0,"parent":0,"menu_order":0,"comment_status":"closed","ping_status":"closed","template":"","meta":{"footnotes":""},"class_list":["post-840","page","type-page","status-publish","hentry"],"_links":{"self":[{"href":"https:\/\/vilcova.nsp25.md\/ro\/wp-json\/wp\/v2\/pages\/840","targetHints":{"allow":["GET"]}}],"collection":[{"href":"https:\/\/vilcova.nsp25.md\/ro\/wp-json\/wp\/v2\/pages"}],"about":[{"href":"https:\/\/vilcova.nsp25.md\/ro\/wp-json\/wp\/v2\/types\/page"}],"author":[{"embeddable":true,"href":"https:\/\/vilcova.nsp25.md\/ro\/wp-json\/wp\/v2\/users\/3"}],"replies":[{"embeddable":true,"href":"https:\/\/vilcova.nsp25.md\/ro\/wp-json\/wp\/v2\/comments?post=840"}],"version-history":[{"count":2,"href":"https:\/\/vilcova.nsp25.md\/ro\/wp-json\/wp\/v2\/pages\/840\/revisions"}],"predecessor-version":[{"id":21609,"href":"https:\/\/vilcova.nsp25.md\/ro\/wp-json\/wp\/v2\/pages\/840\/revisions\/21609"}],"wp:attachment":[{"href":"https:\/\/vilcova.nsp25.md\/ro\/wp-json\/wp\/v2\/media?parent=840"}],"curies":[{"name":"wp","href":"https:\/\/api.w.org\/{rel}","templated":true}]}}