{"id":845,"date":"2021-04-22T14:37:22","date_gmt":"2021-04-22T11:37:22","guid":{"rendered":"https:\/\/vilcova.nsp25.md\/?page_id=845"},"modified":"2021-04-29T11:32:08","modified_gmt":"2021-04-29T08:32:08","slug":"jekskursija-po-predprijatiju","status":"publish","type":"page","link":"https:\/\/vilcova.nsp25.md\/ro\/jekskursija-po-predprijatiju","title":{"rendered":"Tur al companiei"},"content":{"rendered":"<div style=\"height:30px\" aria-hidden=\"true\" class=\"wp-block-spacer\"><\/div>\n\n\n\n<h4 class=\"wp-block-heading\">Departamentul de primire a materiilor prime<\/h4>\n\n\n\n<p>\u00cen acest departament \u00eencepe procesul de produc\u021bie. Vitaminele, materiile prime din plante medicinale, lichidele, fiolele \u0219i cutiile sunt aduse aici \u0219i puse \u00een carantin\u0103. Departamentul de control al calit\u0103\u021bii (QC) preleveaz\u0103 apoi probe din materiale \u0219i le supune unei serii de teste pentru a le asigura integritatea \u0219i eficacitatea, precum \u0219i pentru a le identifica caracteristicile. \u00cen cazul \u00een care materia prim\u0103 este testat\u0103 pozitiv, aceasta este scoas\u0103 din carantin\u0103 \u0219i depozitat\u0103. Dac\u0103 materia prim\u0103 nu \u00eendepline\u0219te cerin\u021bele, aceasta este returnat\u0103 furnizorului. Departamentul de primire a materiilor prime are 12 angaja\u021bi \u0219i este deschis 24 de ore pe zi, de luni p\u00e2n\u0103 vineri inclusiv.<\/p>\n\n\n\n<h4 class=\"wp-block-heading\">Departamentul de primire a comenzilor \u0219i centrul de distribu\u021bie<\/h4>\n\n\n\n<p>\u00cen total, compania are mai multe birouri de primire a comenzilor, inclusiv \u00een Utah, Ohio, Texas \u0219i Georgia. Toate comenzile interne \u0219i interna\u021bionale ajung la centrul de distribu\u021bie \u0219i de aici produsele sunt trimise at\u00e2t \u00een ora\u0219e din Statele Unite, c\u00e2t \u0219i \u00een alte \u021b\u0103ri. Compania are o serie de centre de distribu\u021bie interne situate \u00een Atlanta, Georgia, Columbia, Ohio, Dallas, Texas \u0219i \u00een Spanish Fork, Utah. De asemenea, NSP expediaz\u0103 produse \u00een peste 50 de \u021b\u0103ri diferite.<\/p>\n\n\n\n<h4 class=\"wp-block-heading\">Departamentul de ambalare \u0219i expediere a produselor<\/h4>\n\n\n\n<p>Comenzile sunt verificate pentru a se asigura c\u0103 sunt clar \u00eendeplinite, iar produsele sunt ambalate pentru a evita orice deteriorare. Cutiile sunt umplute cu material special de ambalare din polistiren. O ma\u0219in\u0103 special\u0103 sigileaz\u0103 automat cutiile. Pentru sigilarea ambalajelor mai mari \u0219i mai grele, se utilizeaz\u0103 un dispozitiv care le confer\u0103 un plus de rezisten\u021b\u0103.<\/p>\n\n\n\n<h4 class=\"wp-block-heading\">Centrul Hughes pentru cercetare \u0219i inovare<\/h4>\n\n\n\n<p>Aceast\u0103 instala\u021bie de 5.400 de metri p\u0103tra\u021bi, de mai multe milioane de dolari, este construit\u0103 pentru a dezvolta produse unice, inovatoare, bazate pe cele mai recente descoperiri \u0219tiin\u021bifice, cercet\u0103ri \u0219i analize de laborator. Departamentul de cercetare \u0219i dezvoltare, o echip\u0103 de \u0219apte oameni de \u0219tiin\u021b\u0103, dintre care cinci doctori \u00een \u0219tiin\u021be \u0219i doi doctori \u00een medicin\u0103, lucreaz\u0103 pentru a crea noi produse \u0219i a testa noi ingrediente \u0219i formule. Speciali\u0219tii se ghideaz\u0103 dup\u0103 tendin\u021bele actuale din domeniul s\u0103n\u0103t\u0103\u021bii umane pentru a crea produse inovatoare. Pentru a evalua eficacitatea formulelor noi dezvoltate cu ajutorul echipamentelor de ultim\u0103 genera\u021bie, echipa NSP efectueaz\u0103 propriile teste de produse folosind voluntari.<\/p>\n\n\n\n<div class=\"wp-block-columns is-layout-flex wp-container-core-columns-is-layout-9d6595d7 wp-block-columns-is-layout-flex\">\n<div class=\"wp-block-column is-layout-flow wp-block-column-is-layout-flow\" style=\"flex-basis:66.66%\">\n<h4 class=\"wp-block-heading\">Laborator pentru controlul calit\u0103\u021bii plantelor medicinale<\/h4>\n\n\n\n<p>Toate plantele medicinale sunt testate \u00een acest laborator. Mai mult de 600 de teste \u0219i proceduri sunt utilizate pentru a se asigura c\u0103 produsele NSP sunt de cea mai \u00eenalt\u0103 calitate. Printr-o combina\u021bie de teste diferite, personalul laboratorului ob\u021bine asigurarea calit\u0103\u021bii 100% pentru fiecare produs.<\/p>\n\n\n\n<h4 class=\"wp-block-heading\">Laborator de cromatografie \u00een faz\u0103 gazoas\u0103<\/h4>\n\n\n\n<p>\u00cen acest laborator sunt amplasate cromatografe de gaze. Cromatografia \u00een faz\u0103 gazoas\u0103 poate fi utilizat\u0103 pentru a separa amestecurile complexe \u00een componentele lor individuale \u0219i pentru a cuantifica con\u021binutul acestor componente. Testarea ingredientelor cu ajutorul unui cromatograf \u00een faz\u0103 gazoas\u0103 \u0219i al unui detector ionizator ofer\u0103 NSP 100% garan\u021bia c\u0103 acestea sunt lipsite de impurit\u0103\u021bi \u0219i reprezint\u0103 un e\u0219antion de cea mai \u00eenalt\u0103 calitate.<\/p>\n<\/div>\n\n\n\n<div class=\"wp-block-column is-vertically-aligned-center is-layout-flow wp-block-column-is-layout-flow\" style=\"flex-basis:33.33%\">\n<div class=\"wp-block-image\"><figure class=\"aligncenter size-large is-resized\"><img decoding=\"async\" src=\"https:\/\/vilcova.nsp25.md\/wp-content\/uploads\/2021\/04\/ekstrakt-morskih-vodoroslej.jpg\" alt=\"\" class=\"wp-image-846\" width=\"447\" height=\"336\"><\/figure><\/div>\n<\/div>\n<\/div>\n\n\n\n<p>Un al doilea cromatograf \u00een faz\u0103 gazoas\u0103 poate fi, de asemenea, utilizat \u00eempreun\u0103 cu un detector electronic cu capcan\u0103. Un detector electronic este necesar pentru a testa plantele medicinale \u0219i alte materii prime \u00een vederea detect\u0103rii impurit\u0103\u021bilor nocive, cum ar fi pesticidele \u0219i mercurul.<\/p>\n\n\n\n<h4 class=\"wp-block-heading\">Laborator de vitamine<\/h4>\n\n\n\n<p>Laboratorul de vitamine dispune de toate echipamentele necesare pentru testarea vitaminelor \u0219i a materiilor prime precum CoQ10. Cromatografia lichid\u0103 de \u00eenalt\u0103 presiune este utilizat\u0103 \u00een principal pentru a testa astfel de materiale. Prin testarea cu ajutorul cromatografiei lichide de \u00eenalt\u0103 presiune, personalul laboratorului poate testa materiile prime pentru puritate \u0219i activitate. Cromatograful este, de asemenea, utilizat pentru a determina dac\u0103 con\u021binutul produsului finit corespunde informa\u021biilor de pe etichet\u0103.<\/p>\n\n\n\n<h4 class=\"wp-block-heading\">Laborator pentru controlul calit\u0103\u021bii substan\u021belor minerale<\/h4>\n\n\n\n<p>Combina\u021bia dintre tehnologia de ultim\u0103 or\u0103 \u0219i personalul \u00eenalt calificat asigur\u0103 calitatea \u0219i puritatea produselor naturale NSP \u0219i ofer\u0103 un avantaj incontestabil fa\u021b\u0103 de alte companii. Orice produs care trebuie analizat din punct de vedere al mineralelor sau al prezen\u021bei contamin\u0103rii minerale este dus la un laborator de minerale. Echipamentul laboratorului ne permite s\u0103 verific\u0103m prezen\u021ba \u0219i cantitatea mineralelor \u0219i s\u0103 test\u0103m materiile prime, inclusiv plantele medicinale, pentru impurit\u0103\u021bi nedorite precum arsenic, plumb, aluminiu \u0219i cadmiu<\/p>\n\n\n\n<h4 class=\"wp-block-heading\">Laborator microbiologic<\/h4>\n\n\n\n<p>Testele microbiologice sunt necesare pentru a asigura calitatea ridicat\u0103 \u0219i siguran\u021ba produselor. Deoarece ingredientele din produsele NSP sunt substan\u021be naturale \u0219i provin din diferite p\u0103r\u021bi ale lumii, exist\u0103 posibilitatea ca materiile prime s\u0103 fie contaminate cu oligoelemente \u0219i agen\u021bi patogeni precum E. coli sau Salmonella. Fiecare tip de materie prim\u0103 este testat \u00eentr-un laborator microbiologic. Bactometrul este cel mai recent instrument care permite companiei s\u0103 testeze cu acurate\u021be, fiabilitate \u0219i destul de rapid materiile prime pentru contaminare microbiologic\u0103. Testele microbiologice includ determinarea num\u0103rului total de microorganisme: drojdii, mucegaiuri \u0219i agen\u021bi patogeni precum Escherichia coli, Salmonella, Staphylococcus aureus \u0219i Pseudomonas. Produsele anaerobe ale companiei (de exemplu, BifidophilusFlora Force) sunt, de asemenea, testate \u00een laborator pentru a se asigura c\u0103 cantitatea de materie anaerob\u0103 con\u021binut\u0103 \u00een produsele finale este exact cea men\u021bionat\u0103 pe etichete.<\/p>\n\n\n\n<h4 class=\"wp-block-heading\">Evaluarea \u0219i distribuirea de materiale<\/h4>\n\n\n\n<p>Persoanele care distribuie materialele fac parte dintr-o categorie special\u0103. Ace\u0219tia sunt ghida\u021bi \u00een activitatea lor de o list\u0103 sau \"re\u021bet\u0103\" de selec\u021bie a materialelor conceput\u0103 de calculator. Operatorul de selec\u021bie a materialelor colecteaz\u0103 materiile prime enumerate pentru o anumit\u0103 comand\u0103 \u0219i le distribuie \u00een a\u0219a fel \u00eenc\u00e2t s\u0103 fie convenabil pentru operatorul de dozare s\u0103 distribuie materialul pentru fiecare comand\u0103, echipa de dozare umple tamburul din o\u021bel inoxidabil sau fibr\u0103 de sticl\u0103 cu materii prime cu mare aten\u021bie \u0219i \u00een conformitate cu lista. \u00cenainte de a selecta un produs pentru o comand\u0103, operatorul identific\u0103 urm\u0103torii parametri ai materiei prime: num\u0103rul lotului, num\u0103rul piesei, adresa depozitului, numele produsului verificat, cantitatea necesar\u0103 \u0219i o inspec\u021bie vizual\u0103 a materiei prime. Dup\u0103 ce materia prim\u0103 este turnat\u0103 \u00een butoaie, aceasta este \u00eentoars\u0103 \u0219i produsul este trecut printr-o moar\u0103 conic\u0103, care sparge bulg\u0103rii. Unele materii prime trebuie s\u0103 fie supuse unei condi\u021bion\u0103ri suplimentare. Iat\u0103 cum se \u00eent\u00e2mpl\u0103. Un mixer cu band\u0103 amestec\u0103 plantele medicinale lichide \u0219i uscate pentru a ob\u021bine concentrate. Umiditatea este \u00eendep\u0103rtat\u0103 din materialul concentrat prin uscare cu aer \u00eenainte de a fi supus zdrobirii. Concasorul pulverizeaz\u0103 materia prim\u0103 concentrat\u0103 uscat\u0103, preg\u0103tind-o astfel pentru prelucrarea ulterioar\u0103. Dup\u0103 trecerea prin moar\u0103 \u0219i condi\u021bionare, produsul intr\u0103 \u00eentr-un container special situat \u00een compartimentul de alimentare.<\/p>\n\n\n\n<h4 class=\"wp-block-heading\">Umplerea rezervorului<\/h4>\n\n\n\n<p>Materia prim\u0103 este introdus\u0103 \u00een rezervoare prin intermediul unei \u021bevi plate din \u00eenc\u0103perile de deasupra acestora. Rezervoarele sunt etan\u0219e pentru a preveni p\u0103trunderea prafului \u00een suspensie. Odat\u0103 ce rezervorul este umplut cu materie prim\u0103, tubul plat este \u00eendep\u0103rtat \u0219i rezervorul este c\u00e2nt\u0103rit pentru a determina greutatea materiei prime. Pentru o mai mare precizie, greutatea materiei prime con\u021binute \u00een fiecare rezervor este comparat\u0103 cu greutatea produsului ob\u021binut. Dup\u0103 c\u00e2nt\u0103rire, produsul din rezervor este gata pentru amestecare. Pe exteriorul fiec\u0103rui recipient se ata\u0219eaz\u0103 o etichet\u0103 cu informa\u021biile referitoare la comand\u0103.<\/p>\n\n\n\n<div class=\"wp-block-columns is-layout-flex wp-container-core-columns-is-layout-9d6595d7 wp-block-columns-is-layout-flex\">\n<div class=\"wp-block-column is-layout-flow wp-block-column-is-layout-flow\" style=\"flex-basis:66.66%\">\n<h4 class=\"wp-block-heading\">Sp\u0103larea recipientului<\/h4>\n\n\n\n<p>Rezervoarele sunt sp\u0103late dup\u0103 fiecare opera\u021biune de amestecare. Rezervoarele sunt duse \u00een camera de sp\u0103lare, unde supapele \u0219i capacele sunt \u00eendep\u0103rtate \u0219i sp\u0103late separat. Fiecare rezervor este conectat la o ma\u0219in\u0103 de sp\u0103lat. Rezervorul este sp\u0103lat cu ap\u0103 cu s\u0103pun la presiune ridicat\u0103 \u0219i apoi cl\u0103tit \u00een final cu ap\u0103 cu osmoz\u0103 invers\u0103. \u00cen timpul sp\u0103l\u0103rii automate a interiorului rezervorului, operatorul spal\u0103 manual exteriorul rezervorului \u0219i cl\u0103te\u0219te \u0219i cur\u0103\u021b\u0103 capacele \u0219i supapele. Dup\u0103 sp\u0103larea rezervoarelor \u0219i a altor p\u0103r\u021bi, rezervoarele sunt plasate \u00een camera de uscare. \u00cen procesul de uscare se utilizeaz\u0103 aer cald, iar \u00eentreaga procedur\u0103 dureaz\u0103 15 minute. La sf\u00e2r\u0219itul procesului de uscare, piesele curate sunt ata\u0219ate din nou la rezervoare.<\/p>\n\n\n\n<h4 class=\"wp-block-heading\">Amestec de plante medicinale \u0219i vitamine<\/h4>\n\n\n\n<p>Toate produsele care urmeaz\u0103 s\u0103 fie amestecate sunt introduse \u00een rezervorul de amestecare. Con\u021binutul recipientului trebuie amestecat bine, astfel \u00eenc\u00e2t s\u0103 se ob\u021bin\u0103 o mas\u0103 omogen\u0103. Fiecare recipient este conectat la mixer \u0219i fixat cu patru suporturi. Operatorul cite\u0219te cu aten\u021bie instruc\u021biunile, care indic\u0103 timpul necesar pentru ob\u021binerea unui amestec omogen.<\/p>\n<\/div>\n\n\n\n<div class=\"wp-block-column is-vertically-aligned-center is-layout-flow wp-block-column-is-layout-flow\" style=\"flex-basis:33.33%\">\n<div class=\"wp-block-image\"><figure class=\"aligncenter size-large is-resized\"><img decoding=\"async\" src=\"https:\/\/vilcova.nsp25.md\/wp-content\/uploads\/2021\/04\/46808-kuchyne-1.jpg\" alt=\"\" class=\"wp-image-847\" width=\"621\" height=\"588\" srcset=\"https:\/\/vilcova.nsp25.md\/wp-content\/uploads\/2021\/04\/46808-kuchyne-1.jpg 621w, https:\/\/vilcova.nsp25.md\/wp-content\/uploads\/2021\/04\/46808-kuchyne-1-480x454.jpg 480w\" sizes=\"(max-width: 621px) 100vw, 621px\" \/><\/figure><\/div>\n<\/div>\n<\/div>\n\n\n\n<p>Durata medie pe opera\u021biune este de 15 minute. Dup\u0103 expirarea timpului de amestecare, recipientul este deconectat \u0219i dus \u00eentr-un alt compartiment pentru prelucrare ulterioar\u0103.<\/p>\n\n\n\n<h4 class=\"wp-block-heading\">Amestecarea produselor lichide<\/h4>\n\n\n\n<p>Odat\u0103 cu mutarea \u00een noua cl\u0103dire, a fost achizi\u021bionat un sistem de ultim\u0103 genera\u021bie pentru amestecarea produselor lichide. Acest lucru permite departamentului s\u0103 lucreze mai eficient \u0219i mai bine. Noul sistem este echipat cu urm\u0103toarele dispozitive: rezervoare de amestecare, un nou sistem avansat de osmoz\u0103 invers\u0103 \u0219i un nou sistem de dozare, toate controlate de computer \u0219i operate de operator. Pe l\u00e2ng\u0103 faptul c\u0103 are rezervoare mai mari, noul sistem este mult mai curat din punct de vedere al mediului. Toate rezervoarele \u0219i furtunurile sunt sp\u0103late automat cu ajutorul unui sistem special. Acest sistem de cur\u0103\u021bare este controlat de un ecran tactil \u0219i condus de operatori.<\/p>\n\n\n\n<h4 class=\"wp-block-heading\">\u00cencapsulare<\/h4>\n\n\n\n<p>Toate produsele vegetale monocomponente \u0219i multicomponente sunt \u00eencapsulate aici. Capsulele de gelatin\u0103 goale sunt plasate \u00een p\u00e2lnii deasupra aparatului, apoi sunt introduse \u00een aparat \u0219i aspirate prin vid \u00een celulele individuale. Partea inferioar\u0103 a capsulei este apoi umplut\u0103 cu produs, care intr\u0103 \u00een p\u00e2lnia aparatului dintr-un recipient din o\u021bel inoxidabil situat deasupra aparatului. Capsula este apoi \u00eenchis\u0103 \u0219i aruncat\u0103 \u00een dispozitivul de cur\u0103\u021bare. Dispozitivul de cur\u0103\u021bare a capsulelor \u00eendep\u0103rteaz\u0103 orice reziduuri de plante medicinale care ar fi putut adera la exteriorul capsulei \u0219i descarc\u0103 capsulele \u00een tamburi, care le distribuie apoi c\u0103tre o alt\u0103 linie.<\/p>\n\n\n\n<h4 class=\"wp-block-heading\">Tablete<\/h4>\n\n\n\n<p>Dispozitivele rotative preseaz\u0103 comprimatele la o rat\u0103 de 75 000 de comprimate pe or\u0103. Produsul este plasat \u00eentr-un bunc\u0103r situat deasupra ma\u0219inii de presat \u0219i introdus \u00een pres\u0103 printr-un jgheab plat. Apoi, \u00eentr-o matri\u021b\u0103 special\u0103, produsul este presat \u00een comprimate cu ajutorul unor perforatoare cu o greutate de aproximativ 2 tone. Tabletele sunt apoi \u00eempinse \u00eentr-un tambur. Pe m\u0103sur\u0103 ce trec prin linie, sunt verificate greutatea, densitatea, masa \u0219i aspectul comprimatelor. Aceste informa\u021bii sunt \u00eenregistrate pentru a evita abaterile de la standardele stabilite. Pentru a aplica stratul protector, comprimatele sunt \u00eenc\u0103rcate \u00eentr-o ma\u0219in\u0103 care seam\u0103n\u0103 cu o ma\u0219in\u0103 mare de cur\u0103\u021bat rufe uscate. Tabletele sunt apoi agitate, \u00eenc\u0103lzite \u0219i stropite cu o solu\u021bie apoas\u0103 care provine din cinci pulverizatoare din interiorul aparatului. Aceast\u0103 procedur\u0103 contribuie la prelungirea duratei de valabilitate a comprimatelor \u0219i le face mai u\u0219or de ambalat (ca s\u0103 nu mai vorbim de \u00eenghi\u021bire). E\u0219antionul finit este supus controlului calit\u0103\u021bii. Tabletele sunt apoi plasate \u00een butoaie \u0219i livrate uneia dintre zonele de ambalare.<\/p>\n\n\n\n<div class=\"wp-block-columns is-layout-flex wp-container-core-columns-is-layout-9d6595d7 wp-block-columns-is-layout-flex\">\n<div class=\"wp-block-column is-layout-flow wp-block-column-is-layout-flow\" style=\"flex-basis:66.66%\">\n<h4 class=\"wp-block-heading\">Ambalarea produselor lichide<\/h4>\n\n\n\n<p>Aceast\u0103 linie este utilizat\u0103 pentru ambalarea tuturor produselor lichide ale companiei. \u00cen majoritatea cazurilor, dispozitivul de umplere Kalish este utilizat pentru umplerea recipientelor cu produse lichide. Dispozitivul este complet automat \u0219i este controlat de un computer \u00een conformitate cu un program stabilit \u00een prealabil. Cu toate acestea, unele produse, din cauza v\u00e2scozit\u0103\u021bii lor, nu pot fi trecute prin dispozitivul de umplere Kalish. \u00cen astfel de cazuri, se utilizeaz\u0103 o dozatoare simplex. Linia const\u0103 din urm\u0103toarele dispozitive: o ma\u0219in\u0103 de capsulat, o ma\u0219in\u0103 de capsulat sticle de 2 oz., o ma\u0219in\u0103 de acoperit cu folie protectoare, o ma\u0219in\u0103 de \u00eempachetat, o ma\u0219in\u0103 de etichetat \u0219i o ma\u0219in\u0103 de marcat. Aproape toate produsele lichide sunt drenate sau amestecate \u00een rezervoare situate la etajul superior. \u00cen plus fa\u021b\u0103 de aceste rezervoare, compania dispune de un nou sistem de osmoz\u0103 invers\u0103 pentru a garanta cea mai \u00eenalt\u0103 calitate a produselor noastre.<\/p>\n\n\n\n<h4 class=\"wp-block-heading\">Camera de depozitare a etichetelor<\/h4>\n\n\n\n<p>500.000 de etichete sunt produse s\u0103pt\u0103m\u00e2nal, ceea ce corespunde cantit\u0103\u021bii de produs finit.\u00cen orice moment, pute\u021bi primi etichete pentru diferite \u021b\u0103ri, cu cerin\u021bele specifice ale unei anumite \u021b\u0103ri. Computerul v\u0103 ajut\u0103 s\u0103 ob\u021bine\u021bi informa\u021bii exacte despre num\u0103rul de etichete la un moment dat. Toate etichetele sunt produse in-house la una dintre cele dou\u0103 unit\u0103\u021bi de produc\u021bie de etichete. La primirea etichetelor de la produc\u0103tor, acestea sunt verificate de departamentul de control al calit\u0103\u021bii pentru a depista defecte \u0219i erori.<\/p>\n<\/div>\n\n\n\n<div class=\"wp-block-column is-vertically-aligned-center is-layout-flow wp-block-column-is-layout-flow\" style=\"flex-basis:33.33%\">\n<div class=\"wp-block-image\"><figure class=\"aligncenter size-large is-resized\"><img decoding=\"async\" src=\"https:\/\/vilcova.nsp25.md\/wp-content\/uploads\/2021\/04\/basant-agro-product-details-wheatgrass-02.jpg\" alt=\"\" class=\"wp-image-848\" width=\"590\" height=\"723\" srcset=\"https:\/\/vilcova.nsp25.md\/wp-content\/uploads\/2021\/04\/basant-agro-product-details-wheatgrass-02.jpg 786w, https:\/\/vilcova.nsp25.md\/wp-content\/uploads\/2021\/04\/basant-agro-product-details-wheatgrass-02-480x589.jpg 480w, https:\/\/vilcova.nsp25.md\/wp-content\/uploads\/2021\/04\/basant-agro-product-details-wheatgrass-02-768x942.jpg 768w\" sizes=\"(max-width: 590px) 100vw, 590px\" \/><\/figure><\/div>\n<\/div>\n<\/div>\n\n\n\n<h4 class=\"wp-block-heading\">Ambalarea produselor \u00een vrac<\/h4>\n\n\n\n<p>Pe aceast\u0103 linie sunt ambalate ceaiuri \u00een vrac \u0219i alte produse. Dup\u0103 ce flacoanele sunt umplute, acestea sunt capsulate. Flacoanele sunt apoi trecute printr-un tunel unde sunt verificate de o celul\u0103 fotovoltaic\u0103 \u0219i cur\u0103\u021bate cu aer comprimat. Fiolele din policlorur\u0103 de vinil sunt \u00eencapsulate \u0219i trecute printr-un tunel fierbinte pentru a forma un film protector. Alte flacoane sunt trecute pe sub un dispozitiv de sigilare care acoper\u0103 capacul \u0219i partea superioar\u0103 a flaconului cu o folie, astfel \u00eenc\u00e2t acesta s\u0103 nu poat\u0103 fi deschis f\u0103r\u0103 a compromite integritatea foliei. Dispozitivul este apoi utilizat pentru a eticheta flaconul \u0219i a aplica codul lotului.<\/p>\n\n\n\n<h4 class=\"wp-block-heading\">Linii de ambalare pentru produse \u00eencapsulate \u0219i tablete<\/h4>\n\n\n\n<p>\u00cenc\u0103rc\u0103torul de pl\u0103ci este proiectat astfel \u00eenc\u00e2t s\u0103 poat\u0103 accepta, \u00eempreun\u0103 cu produsele \u00eencapsulate, produse comprimate \u00een tablete de diferite dimensiuni. Datorit\u0103 designului special al umpluturii, echipa de ambalare este capabil\u0103 s\u0103 se preg\u0103teasc\u0103 pentru a accepta tablete de diferite configura\u021bii \u0219i cantit\u0103\u021bi. Linia ambaleaz\u0103, de asemenea, produse \u00eencapsulate \u00een flacoane. Echipamentul liniei este format dintr-un dispozitiv de umplere cu pl\u0103ci, un dispozitiv de umplere a flacoanelor cu vat\u0103, un dispozitiv de acoperire a flacoanelor, un dispozitiv de etichetare, un dispozitiv de acoperire a flacoanelor cu folie de protec\u021bie \u0219i un codificator de etichetare. \u00cen plus, linia este echipat\u0103 cu platane \u0219i benzi transportoare corespunz\u0103toare.<\/p>\n\n\n\n<h4 class=\"wp-block-heading\">Ma\u0219ini de ambalat produse \u00een plicule\u021be<\/h4>\n\n\n\n<p>Echipamente suplimentare sunt utilizate pentru ambalarea pulberilor \u00een pungi de folie sau a comprimatelor \u0219i capsulelor \u00een pungi de polietilen\u0103.<\/p>\n\n\n\n<p>Am descris principalele p\u0103r\u021bi ale procesului de produc\u021bie la scar\u0103 larg\u0103, dar nu toate. Echipamentul atelierelor de produc\u021bie este actualizat \u00een mod constant, procesele sunt automatizate, iar cele mai recente echipamente software sunt utilizate pentru a asigura cea mai \u00eenalt\u0103 calitate a produselor companiei. Site-urile de produc\u021bie ale companiei sunt inspectate anual pentru conformitatea cu standardele <strong><a href=\"\/ro\/sertifikaty-kachestva\/\" data-type=\"URL\" data-id=\"\/sertifikaty-kachestva\">GMP<\/a><\/strong><\/p>","protected":false},"excerpt":{"rendered":"<p>\u041e\u0442\u0434\u0435\u043b \u043f\u043e \u043f\u0440\u0438\u0435\u043c\u0443 \u0441\u044b\u0440\u044c\u044f \u0418\u043c\u0435\u043d\u043d\u043e \u0432 \u044d\u0442\u043e\u043c \u043e\u0442\u0434\u0435\u043b\u0435 \u043d\u0430\u0447\u0438\u043d\u0430\u0435\u0442\u0441\u044f \u043f\u0440\u043e\u0446\u0435\u0441\u0441 \u043f\u0440\u043e\u0438\u0437\u0432\u043e\u0434\u0441\u0442\u0432\u0430. \u0421\u044e\u0434\u0430 \u0434\u043e\u0441\u0442\u0430\u0432\u043b\u044f\u044e\u0442\u0441\u044f \u0432\u0438\u0442\u0430\u043c\u0438\u043d\u044b, \u0441\u044b\u0440\u044c\u0435 \u0438\u0437 \u043b\u0435\u043a\u0430\u0440\u0441\u0442\u0432\u0435\u043d\u043d\u044b\u0445 \u0440\u0430\u0441\u0442\u0435\u043d\u0438\u0439, \u0436\u0438\u0434\u043a\u043e\u0441\u0442\u0438, \u0444\u043b\u0430\u043a\u043e\u043d\u044b \u0438 \u043a\u043e\u0440\u043e\u0431\u043a\u0438; \u0437\u0434\u0435\u0441\u044c \u0438\u0445 \u0434\u0435\u0440\u0436\u0430\u0442 \u0432 \u043a\u0430\u0440\u0430\u043d\u0442\u0438\u043d\u0435. \u0417\u0430\u0442\u0435\u043c \u041e\u0442\u0434\u0435\u043b \u043f\u043e \u041a\u043e\u043d\u0442\u0440\u043e\u043b\u044e \u041a\u0430\u0447\u0435\u0441\u0442\u0432\u0430 (\u041a\u041a) \u043e\u0442\u0431\u0438\u0440\u0430\u0435\u0442 \u043e\u0431\u0440\u0430\u0437\u0446\u044b \u043c\u0430\u0442\u0435\u0440\u0438\u0430\u043b\u043e\u0432 \u0438 \u043f\u043e\u0434\u0432\u0435\u0440\u0433\u0430\u0435\u0442 \u0438\u0445 \u0440\u044f\u0434\u0443 \u043f\u0440\u043e\u0432\u0435\u0440\u043e\u043a \u0441 \u0442\u0435\u043c, \u0447\u0442\u043e\u0431\u044b \u0443\u0431\u0435\u0434\u0438\u0442\u044c\u0441\u044f \u0432 \u0438\u0445 \u0446\u0435\u043b\u043e\u0441\u0442\u043d\u043e\u0441\u0442\u0438 \u0438 \u044d\u0444\u0444\u0435\u043a\u0442\u0438\u0432\u043d\u043e\u0441\u0442\u0438, \u0430 \u0442\u0430\u043a\u0436\u0435 \u0432\u044b\u044f\u0432\u0438\u0442\u044c \u0438\u0445 \u043e\u0441\u043e\u0431\u0435\u043d\u043d\u043e\u0441\u0442\u0438&#8230;.<\/p>","protected":false},"author":3,"featured_media":0,"parent":0,"menu_order":0,"comment_status":"closed","ping_status":"closed","template":"","meta":{"footnotes":""},"class_list":["post-845","page","type-page","status-publish","hentry"],"_links":{"self":[{"href":"https:\/\/vilcova.nsp25.md\/ro\/wp-json\/wp\/v2\/pages\/845","targetHints":{"allow":["GET"]}}],"collection":[{"href":"https:\/\/vilcova.nsp25.md\/ro\/wp-json\/wp\/v2\/pages"}],"about":[{"href":"https:\/\/vilcova.nsp25.md\/ro\/wp-json\/wp\/v2\/types\/page"}],"author":[{"embeddable":true,"href":"https:\/\/vilcova.nsp25.md\/ro\/wp-json\/wp\/v2\/users\/3"}],"replies":[{"embeddable":true,"href":"https:\/\/vilcova.nsp25.md\/ro\/wp-json\/wp\/v2\/comments?post=845"}],"version-history":[{"count":3,"href":"https:\/\/vilcova.nsp25.md\/ro\/wp-json\/wp\/v2\/pages\/845\/revisions"}],"predecessor-version":[{"id":21618,"href":"https:\/\/vilcova.nsp25.md\/ro\/wp-json\/wp\/v2\/pages\/845\/revisions\/21618"}],"wp:attachment":[{"href":"https:\/\/vilcova.nsp25.md\/ro\/wp-json\/wp\/v2\/media?parent=845"}],"curies":[{"name":"wp","href":"https:\/\/api.w.org\/{rel}","templated":true}]}}