{"id":1053,"date":"2021-04-23T11:08:50","date_gmt":"2021-04-23T08:08:50","guid":{"rendered":"https:\/\/vilcova.nsp25.md\/product\/magnesium-complex-magnij-helat"},"modified":"2026-03-10T19:03:00","modified_gmt":"2026-03-10T17:03:00","slug":"magnesium-complex-magnij-helat","status":"publish","type":"product","link":"https:\/\/vilcova.nsp25.md\/ro\/produs\/magnesium-complex-magnij-helat","title":{"rendered":"Magnesium Complex"},"content":{"rendered":"","protected":false},"excerpt":{"rendered":"[trp_language language=\"ru_RU\"]\n<ul>\n<li>Particip\u0103 la formarea ATP \u0219i acumularea de energie \u00een celul\u0103<\/li>\n<li>Asigur\u0103 func\u021bionarea pompelor celulare de potasiu-sodiu-calciu<\/li>\n<li>Particip\u0103 la reglarea transmiterii neuromusculare \u0219i a tonusului musculaturii netede<\/li>\n<li>Particip\u0103 la formarea \u021besutului conjunctiv, previne tulbur\u0103rile de sintez\u0103 a colagenului, elastinei \u0219i proteoglicanilor<\/li>\n<li>Particip\u0103 la \u00eent\u0103rirea \u021besutului osos, a din\u021bilor, a p\u0103rului, a unghiilor<\/li>\n<li>Reduce coagularea s\u00e2ngelui, prevenind agregarea plachetar\u0103<\/li>\n<li>Prevenirea form\u0103rii pietrelor la rinichi<\/li>\n<li>Particip\u0103 la sinteza proteinelor, gr\u0103similor, acizilor nucleici<\/li>\n<\/ul>\n<p>[\/trp_language]<\/p>\n<ul>\n<li>Participa la formarea ATP si acumulare de energie in celula<\/li>\n<li>Furnizeaza activitatea celulelor pompe de potasiu - sodiu - calciu<\/li>\n<li>Participa la reglementarea neuromusculara si tonusul musculaturii netede<\/li>\n<li>Participa la formarea tesutului conjunctiv, previne incalcarile sintezei de colagen, elastina, proteoglicani<\/li>\n<li>Contribuie la fortificarea oaselor, din\u021bilor, parului si unghiilor<\/li>\n<li>Reduce coagularea singelui, previne agregarea plachetarei<\/li>\n<li>Previne formarea litiazelor renale<\/li>\n<li>Implicat \u00een sinteza de proteine, gr\u0103simi, acizi nucleici<\/li>\n<\/ul>\n<p>[\/trp_language]<\/p>","protected":false},"featured_media":49349,"template":"","meta":[],"product_brand":[],"product_cat":[127,114,109,110,137,111,129,130],"product_tag":[117,134,149,143,152],"class_list":{"0":"post-1053","1":"product","2":"type-product","3":"status-publish","4":"has-post-thumbnail","6":"product_cat-dlja-rabotosposobnosti","7":"product_cat-nervnaja","8":"product_cat-fitoprodukty","9":"product_cat-zdorovoe-pitanie","10":"product_cat-vitaminy-mineraly-i-kompleksy","11":"product_cat-sistemy-organizma","12":"product_cat-obmen-veshhestv","13":"product_cat-serdechno-sosudistaja","14":"product_tag-bad","15":"product_tag-dlja-zhenshhin","16":"product_tag-dlja-sportsmenov","17":"product_tag-kozha","18":"product_tag-oporno-dvigatelnaja-sistema","20":"first","21":"instock","22":"sale","23":"shipping-taxable","24":"purchasable","25":"product-type-simple"},"_links":{"self":[{"href":"https:\/\/vilcova.nsp25.md\/ro\/wp-json\/wp\/v2\/product\/1053","targetHints":{"allow":["GET"]}}],"collection":[{"href":"https:\/\/vilcova.nsp25.md\/ro\/wp-json\/wp\/v2\/product"}],"about":[{"href":"https:\/\/vilcova.nsp25.md\/ro\/wp-json\/wp\/v2\/types\/product"}],"wp:featuredmedia":[{"embeddable":true,"href":"https:\/\/vilcova.nsp25.md\/ro\/wp-json\/wp\/v2\/media\/49349"}],"wp:attachment":[{"href":"https:\/\/vilcova.nsp25.md\/ro\/wp-json\/wp\/v2\/media?parent=1053"}],"wp:term":[{"taxonomy":"product_brand","embeddable":true,"href":"https:\/\/vilcova.nsp25.md\/ro\/wp-json\/wp\/v2\/product_brand?post=1053"},{"taxonomy":"product_cat","embeddable":true,"href":"https:\/\/vilcova.nsp25.md\/ro\/wp-json\/wp\/v2\/product_cat?post=1053"},{"taxonomy":"product_tag","embeddable":true,"href":"https:\/\/vilcova.nsp25.md\/ro\/wp-json\/wp\/v2\/product_tag?post=1053"}],"curies":[{"name":"wp","href":"https:\/\/api.w.org\/{rel}","templated":true}]}}